{"id":38021,"date":"2026-02-24T11:15:21","date_gmt":"2026-02-24T10:15:21","guid":{"rendered":"https:\/\/imprimeideas.es\/?post_type=product&p=38021"},"modified":"2026-02-26T18:19:08","modified_gmt":"2026-02-26T17:19:08","slug":"llavero-anticontact-cimak","status":"publish","type":"product","link":"https:\/\/imprimeideas.es\/en\/product\/llavero-anticontact-cimak\/","title":{"rendered":"Llavero Anticontact Cimak"},"content":{"rendered":"<p>Llavero higi\u00e9nico anti-contacto con bol\u00edgrafo y puntero integrados. Fabricado en resistente ABS de acabado metalizado y disponible en variada gama de colores. Especialmente dise\u00f1ado para evitar tocar con las manos superficies de uso com\u00fan (picaportes de puertas, interruptores, grifos de uso p\u00fablico, cajeros autom\u00e1ticos&#8230;). Con c\u00f3modo troquel para el dedo y presentado en bolsa individual de dise\u00f1o. Recomendado para marcaje en tampograf\u00eda.<\/p>","protected":false},"excerpt":{"rendered":"<p>Bol\u00edgrafo Puntero Incluido<\/p>","protected":false},"featured_media":82056,"comment_status":"open","ping_status":"open","template":"","meta":{"inline_featured_image":false},"product_brand":[],"product_cat":[125,106],"product_tag":[],"class_list":{"0":"post-38021","1":"product","2":"type-product","3":"status-publish","4":"has-post-thumbnail","6":"product_cat-coleccion-proteccion-higienica","7":"product_cat-regalos-y-premiums","9":"first","10":"instock","11":"taxable","12":"shipping-taxable","13":"purchasable","14":"product-type-variable","15":"has-default-attributes"},"aioseo_notices":[],"_links":{"self":[{"href":"https:\/\/imprimeideas.es\/en\/wp-json\/wp\/v2\/product\/38021","targetHints":{"allow":["GET"]}}],"collection":[{"href":"https:\/\/imprimeideas.es\/en\/wp-json\/wp\/v2\/product"}],"about":[{"href":"https:\/\/imprimeideas.es\/en\/wp-json\/wp\/v2\/types\/product"}],"replies":[{"embeddable":true,"href":"https:\/\/imprimeideas.es\/en\/wp-json\/wp\/v2\/comments?post=38021"}],"version-history":[{"count":1,"href":"https:\/\/imprimeideas.es\/en\/wp-json\/wp\/v2\/product\/38021\/revisions"}],"predecessor-version":[{"id":60467,"href":"https:\/\/imprimeideas.es\/en\/wp-json\/wp\/v2\/product\/38021\/revisions\/60467"}],"wp:featuredmedia":[{"embeddable":true,"href":"https:\/\/imprimeideas.es\/en\/wp-json\/wp\/v2\/media\/82056"}],"wp:attachment":[{"href":"https:\/\/imprimeideas.es\/en\/wp-json\/wp\/v2\/media?parent=38021"}],"wp:term":[{"taxonomy":"product_brand","embeddable":true,"href":"https:\/\/imprimeideas.es\/en\/wp-json\/wp\/v2\/product_brand?post=38021"},{"taxonomy":"product_cat","embeddable":true,"href":"https:\/\/imprimeideas.es\/en\/wp-json\/wp\/v2\/product_cat?post=38021"},{"taxonomy":"product_tag","embeddable":true,"href":"https:\/\/imprimeideas.es\/en\/wp-json\/wp\/v2\/product_tag?post=38021"}],"curies":[{"name":"wp","href":"https:\/\/api.w.org\/{rel}","templated":true}]}}