{"id":38017,"date":"2026-02-24T11:15:20","date_gmt":"2026-02-24T10:15:20","guid":{"rendered":"https:\/\/imprimeideas.es\/?post_type=product&p=38017"},"modified":"2026-02-26T18:13:42","modified_gmt":"2026-02-26T17:13:42","slug":"contador-dolim","status":"publish","type":"product","link":"https:\/\/imprimeideas.es\/en\/product\/contador-dolim\/","title":{"rendered":"Contador Dolim"},"content":{"rendered":"<p>Contador de aforo digital fabricado en resistente material ABS de acabado brillo, con pr\u00e1ctica cinta de poli\u00e9ster y amplios pulsadores para a\u00f1adir o restar aforo. Pantalla digital con contador de 4 d\u00edgitos y bot\u00f3n de reinicio en parte superior. Amplia superficie para logotipo, especialmente dise\u00f1ado para marcaje en tampograf\u00eda. Presentado en atractiva caja individual de dise\u00f1o. Alimentaci\u00f3n a pilas, de bot\u00f3n incluida.<\/p>","protected":false},"excerpt":{"rendered":"<p>Pila Bot\u00f3n Incluida<\/p>","protected":false},"featured_media":61526,"comment_status":"open","ping_status":"open","template":"","meta":{"inline_featured_image":false},"product_brand":[],"product_cat":[113,128],"product_tag":[],"class_list":{"0":"post-38017","1":"product","2":"type-product","3":"status-publish","4":"has-post-thumbnail","6":"product_cat-eventos-y-fiesta","7":"product_cat-outlet","9":"first","10":"outofstock","11":"taxable","12":"shipping-taxable","13":"purchasable","14":"product-type-variable","15":"has-default-attributes"},"aioseo_notices":[],"_links":{"self":[{"href":"https:\/\/imprimeideas.es\/en\/wp-json\/wp\/v2\/product\/38017","targetHints":{"allow":["GET"]}}],"collection":[{"href":"https:\/\/imprimeideas.es\/en\/wp-json\/wp\/v2\/product"}],"about":[{"href":"https:\/\/imprimeideas.es\/en\/wp-json\/wp\/v2\/types\/product"}],"replies":[{"embeddable":true,"href":"https:\/\/imprimeideas.es\/en\/wp-json\/wp\/v2\/comments?post=38017"}],"version-history":[{"count":1,"href":"https:\/\/imprimeideas.es\/en\/wp-json\/wp\/v2\/product\/38017\/revisions"}],"predecessor-version":[{"id":60465,"href":"https:\/\/imprimeideas.es\/en\/wp-json\/wp\/v2\/product\/38017\/revisions\/60465"}],"wp:featuredmedia":[{"embeddable":true,"href":"https:\/\/imprimeideas.es\/en\/wp-json\/wp\/v2\/media\/61526"}],"wp:attachment":[{"href":"https:\/\/imprimeideas.es\/en\/wp-json\/wp\/v2\/media?parent=38017"}],"wp:term":[{"taxonomy":"product_brand","embeddable":true,"href":"https:\/\/imprimeideas.es\/en\/wp-json\/wp\/v2\/product_brand?post=38017"},{"taxonomy":"product_cat","embeddable":true,"href":"https:\/\/imprimeideas.es\/en\/wp-json\/wp\/v2\/product_cat?post=38017"},{"taxonomy":"product_tag","embeddable":true,"href":"https:\/\/imprimeideas.es\/en\/wp-json\/wp\/v2\/product_tag?post=38017"}],"curies":[{"name":"wp","href":"https:\/\/api.w.org\/{rel}","templated":true}]}}