{"id":37993,"date":"2026-02-24T11:15:18","date_gmt":"2026-02-24T10:15:18","guid":{"rendered":"https:\/\/imprimeideas.es\/?post_type=product&p=37993"},"modified":"2026-02-26T18:19:42","modified_gmt":"2026-02-26T17:19:42","slug":"organizador-esterilizador-uv-boxny","status":"publish","type":"product","link":"https:\/\/imprimeideas.es\/en\/product\/organizador-esterilizador-uv-boxny\/","title":{"rendered":"Organizador Esterilizador UV Boxny"},"content":{"rendered":"<p>Organizador y esterilizador de luz ultravioleta tipo C, con protecci\u00f3n RFID (Identificaci\u00f3n por Radio Frecuencia) que mantiene seguros tus dispositivos de transmisi\u00f3n de identidad. Especialmente dise\u00f1ado para la eliminaci\u00f3n de microorganismos y bacterias en smartphones y otros objetos de uso cotidiano. Fabricada en resistente poli\u00e9ster 600D de acabado denim, con cierre magn\u00e9tico de seguridad en tirador para un uso seguro del dispositivo. Incluye 4 tarjeteros interiores + bolsillo exterior. Presentado en atractiva caja individual de dise\u00f1o. Potencia LED 1.2W y longitud de onda 275nm. Tiempo de esterilizaci\u00f3n con funci\u00f3n auto-apagado de 1 y 3 minutos. Disponible manual de usuario en espa\u00f1ol e ingl\u00e9s. Disponible certificaci\u00f3n CE, RoHS y de efectividad germicida. Para un uso adecuado del producto, evitar el contacto con la piel y los ojos.<\/p>","protected":false},"excerpt":{"rendered":"<p>Luz Ultravioleta. Protector RFID. Conexi\u00f3n USB<\/p>","protected":false},"featured_media":63176,"comment_status":"open","ping_status":"open","template":"","meta":{"inline_featured_image":false},"product_brand":[],"product_cat":[124,125,96,128,95],"product_tag":[],"class_list":{"0":"post-37993","1":"product","2":"type-product","3":"status-publish","4":"has-post-thumbnail","6":"product_cat-antibacterial","7":"product_cat-coleccion-proteccion-higienica","8":"product_cat-oficina-y-negocios","9":"product_cat-outlet","10":"product_cat-tecnologia-y-accesorios","12":"first","13":"instock","14":"taxable","15":"shipping-taxable","16":"purchasable","17":"product-type-variable","18":"has-default-attributes"},"aioseo_notices":[],"_links":{"self":[{"href":"https:\/\/imprimeideas.es\/en\/wp-json\/wp\/v2\/product\/37993","targetHints":{"allow":["GET"]}}],"collection":[{"href":"https:\/\/imprimeideas.es\/en\/wp-json\/wp\/v2\/product"}],"about":[{"href":"https:\/\/imprimeideas.es\/en\/wp-json\/wp\/v2\/types\/product"}],"replies":[{"embeddable":true,"href":"https:\/\/imprimeideas.es\/en\/wp-json\/wp\/v2\/comments?post=37993"}],"version-history":[{"count":1,"href":"https:\/\/imprimeideas.es\/en\/wp-json\/wp\/v2\/product\/37993\/revisions"}],"predecessor-version":[{"id":60453,"href":"https:\/\/imprimeideas.es\/en\/wp-json\/wp\/v2\/product\/37993\/revisions\/60453"}],"wp:featuredmedia":[{"embeddable":true,"href":"https:\/\/imprimeideas.es\/en\/wp-json\/wp\/v2\/media\/63176"}],"wp:attachment":[{"href":"https:\/\/imprimeideas.es\/en\/wp-json\/wp\/v2\/media?parent=37993"}],"wp:term":[{"taxonomy":"product_brand","embeddable":true,"href":"https:\/\/imprimeideas.es\/en\/wp-json\/wp\/v2\/product_brand?post=37993"},{"taxonomy":"product_cat","embeddable":true,"href":"https:\/\/imprimeideas.es\/en\/wp-json\/wp\/v2\/product_cat?post=37993"},{"taxonomy":"product_tag","embeddable":true,"href":"https:\/\/imprimeideas.es\/en\/wp-json\/wp\/v2\/product_tag?post=37993"}],"curies":[{"name":"wp","href":"https:\/\/api.w.org\/{rel}","templated":true}]}}