{"id":37991,"date":"2026-02-24T11:15:18","date_gmt":"2026-02-24T10:15:18","guid":{"rendered":"https:\/\/imprimeideas.es\/?post_type=product&p=37991"},"modified":"2026-02-26T18:32:47","modified_gmt":"2026-02-26T17:32:47","slug":"lampara-esterilizadora-uv-cargador-blay","status":"publish","type":"product","link":"https:\/\/imprimeideas.es\/en\/product\/lampara-esterilizadora-uv-cargador-blay\/","title":{"rendered":"L\u00e1mpara Esterilizadora UV Cargador Blay"},"content":{"rendered":"<p>L\u00e1mpara esterilizadora de luz ultravioleta tipo C con cargador inal\u00e1mbrico integrado para smartphone. Especialmente dise\u00f1ada para la eliminaci\u00f3n de microorganismos y bacterias en objetos de uso cotidiano como el smartphone, llaves, gafas, mascarilla, auriculares, smartwatch? Fabricada en resistente material ABS de acabado brillante y presentada en atractiva caja individual de dise\u00f1o. F\u00e1cil de usar, basta con situar el objeto a esterilizar en la base de la l\u00e1mpara. Potencia de salida 2,5W y longitud de onda de 254 nm. Salida USB de 1000 mA, con funci\u00f3n de carga r\u00e1pida 10W y cable micro USB incluido a juego de 1 metro de largo. Tiempo de esterilizaci\u00f3n de 15 y 25 minutos con funci\u00f3n autoapagado. Disponible manual de usuario en espa\u00f1ol e ingl\u00e9s. Disponible certificaci\u00f3n CE, RoHS y de efectividad germicida. Para un uso adecuado del producto, evitar el contacto con la piel y los ojos.<\/p>","protected":false},"excerpt":{"rendered":"<p>Inal\u00e1mbrico 10W. Salida USB. Luz Ultravioleta. Conexi\u00f3n USB<\/p>","protected":false},"featured_media":69213,"comment_status":"open","ping_status":"open","template":"","meta":{"inline_featured_image":false},"product_brand":[],"product_cat":[124,125,128,95],"product_tag":[],"class_list":{"0":"post-37991","1":"product","2":"type-product","3":"status-publish","4":"has-post-thumbnail","6":"product_cat-antibacterial","7":"product_cat-coleccion-proteccion-higienica","8":"product_cat-outlet","9":"product_cat-tecnologia-y-accesorios","11":"first","12":"instock","13":"taxable","14":"shipping-taxable","15":"purchasable","16":"product-type-variable","17":"has-default-attributes"},"aioseo_notices":[],"_links":{"self":[{"href":"https:\/\/imprimeideas.es\/en\/wp-json\/wp\/v2\/product\/37991","targetHints":{"allow":["GET"]}}],"collection":[{"href":"https:\/\/imprimeideas.es\/en\/wp-json\/wp\/v2\/product"}],"about":[{"href":"https:\/\/imprimeideas.es\/en\/wp-json\/wp\/v2\/types\/product"}],"replies":[{"embeddable":true,"href":"https:\/\/imprimeideas.es\/en\/wp-json\/wp\/v2\/comments?post=37991"}],"version-history":[{"count":1,"href":"https:\/\/imprimeideas.es\/en\/wp-json\/wp\/v2\/product\/37991\/revisions"}],"predecessor-version":[{"id":60452,"href":"https:\/\/imprimeideas.es\/en\/wp-json\/wp\/v2\/product\/37991\/revisions\/60452"}],"wp:featuredmedia":[{"embeddable":true,"href":"https:\/\/imprimeideas.es\/en\/wp-json\/wp\/v2\/media\/69213"}],"wp:attachment":[{"href":"https:\/\/imprimeideas.es\/en\/wp-json\/wp\/v2\/media?parent=37991"}],"wp:term":[{"taxonomy":"product_brand","embeddable":true,"href":"https:\/\/imprimeideas.es\/en\/wp-json\/wp\/v2\/product_brand?post=37991"},{"taxonomy":"product_cat","embeddable":true,"href":"https:\/\/imprimeideas.es\/en\/wp-json\/wp\/v2\/product_cat?post=37991"},{"taxonomy":"product_tag","embeddable":true,"href":"https:\/\/imprimeideas.es\/en\/wp-json\/wp\/v2\/product_tag?post=37991"}],"curies":[{"name":"wp","href":"https:\/\/api.w.org\/{rel}","templated":true}]}}