{"id":37989,"date":"2026-02-24T11:15:18","date_gmt":"2026-02-24T10:15:18","guid":{"rendered":"https:\/\/imprimeideas.es\/?post_type=product&p=37989"},"modified":"2026-02-26T18:27:59","modified_gmt":"2026-02-26T17:27:59","slug":"caja-esterilizadora-uv-cargador-halby","status":"publish","type":"product","link":"https:\/\/imprimeideas.es\/en\/product\/caja-esterilizadora-uv-cargador-halby\/","title":{"rendered":"Caja Esterilizadora UV Cargador Halby"},"content":{"rendered":"<p>Caja esterilizadora de luz ultravioleta tipo C, con cargador inal\u00e1mbrico para smartphone integrado en tapa. Especialmente dise\u00f1ada para la eliminaci\u00f3n de microorganismos y bacterias en objetos de uso cotidiano como el smartphone, llaves, gafas, mascarilla, auriculares, smartwatch&#8230; Fabricada en resistente material ABS de acabado mate y presentada en atractiva caja individual de dise\u00f1o. F\u00e1cil de usar, basta con introducir el objeto dentro de la caja. Potencia de bombilla 1W longitud de onda de 270-280 nm, con alimentaci\u00f3n mediante cable USB Tipo C de 1m de largo con color a juego. Tiempo de esterilizaci\u00f3n de 5 y 10 minutos con funci\u00f3n auto-apagado. Disponible manual de usuario en espa\u00f1ol e ingl\u00e9s. Disponible certificaci\u00f3n CE, RoHS y de efectividad germicida. Para un uso adecuado del producto, evitar el contacto con la piel y los ojos.<\/p>","protected":false},"excerpt":{"rendered":"<p>Inal\u00e1mbrico 5W. Luz Ultravioleta. Conexi\u00f3n USB<\/p>","protected":false},"featured_media":70998,"comment_status":"open","ping_status":"open","template":"","meta":{"inline_featured_image":false},"product_brand":[],"product_cat":[124,125,128,95],"product_tag":[],"class_list":{"0":"post-37989","1":"product","2":"type-product","3":"status-publish","4":"has-post-thumbnail","6":"product_cat-antibacterial","7":"product_cat-coleccion-proteccion-higienica","8":"product_cat-outlet","9":"product_cat-tecnologia-y-accesorios","11":"first","12":"instock","13":"taxable","14":"shipping-taxable","15":"purchasable","16":"product-type-variable","17":"has-default-attributes"},"aioseo_notices":[],"_links":{"self":[{"href":"https:\/\/imprimeideas.es\/en\/wp-json\/wp\/v2\/product\/37989","targetHints":{"allow":["GET"]}}],"collection":[{"href":"https:\/\/imprimeideas.es\/en\/wp-json\/wp\/v2\/product"}],"about":[{"href":"https:\/\/imprimeideas.es\/en\/wp-json\/wp\/v2\/types\/product"}],"replies":[{"embeddable":true,"href":"https:\/\/imprimeideas.es\/en\/wp-json\/wp\/v2\/comments?post=37989"}],"version-history":[{"count":1,"href":"https:\/\/imprimeideas.es\/en\/wp-json\/wp\/v2\/product\/37989\/revisions"}],"predecessor-version":[{"id":60451,"href":"https:\/\/imprimeideas.es\/en\/wp-json\/wp\/v2\/product\/37989\/revisions\/60451"}],"wp:featuredmedia":[{"embeddable":true,"href":"https:\/\/imprimeideas.es\/en\/wp-json\/wp\/v2\/media\/70998"}],"wp:attachment":[{"href":"https:\/\/imprimeideas.es\/en\/wp-json\/wp\/v2\/media?parent=37989"}],"wp:term":[{"taxonomy":"product_brand","embeddable":true,"href":"https:\/\/imprimeideas.es\/en\/wp-json\/wp\/v2\/product_brand?post=37989"},{"taxonomy":"product_cat","embeddable":true,"href":"https:\/\/imprimeideas.es\/en\/wp-json\/wp\/v2\/product_cat?post=37989"},{"taxonomy":"product_tag","embeddable":true,"href":"https:\/\/imprimeideas.es\/en\/wp-json\/wp\/v2\/product_tag?post=37989"}],"curies":[{"name":"wp","href":"https:\/\/api.w.org\/{rel}","templated":true}]}}