{"id":37971,"date":"2026-02-24T11:15:16","date_gmt":"2026-02-24T10:15:16","guid":{"rendered":"https:\/\/imprimeideas.es\/?post_type=product&p=37971"},"modified":"2026-02-26T18:32:50","modified_gmt":"2026-02-26T17:32:50","slug":"boligrafo-antibacteriano-licter","status":"publish","type":"product","link":"https:\/\/imprimeideas.es\/en\/product\/boligrafo-antibacteriano-licter\/","title":{"rendered":"Bol\u00edgrafo Antibacteriano Licter"},"content":{"rendered":"<p>Bol\u00edgrafo antibacteriano de mecanismo pulsador. Dise\u00f1o monocrom\u00e1tico, en variada gama de colores con acabado brillante, especialmente dise\u00f1ado para marcaje en tampograf\u00eda. Tinta azul. Los productos con tratamientos antibacterianos son capaces de reducir dr\u00e1sticamente las cargas bacterianas presentes en las superficies de los materiales, gracias a la incorporaci\u00f3n de agentes microbianos permanentes est\u00e1ticos, con alta efectividad para inhibir y prevenir la contaminaci\u00f3n bacteriana. Art\u00edculo de acuerdo al est\u00e1ndar ISO 22196, que determina la actividad antibacteriana en materiales pl\u00e1sticos y superficies no porosas, lo que permite conocer la efectividad de inhibici\u00f3n microbiana que tienen los aditivos sobre los objetos tratados mediante una evaluaci\u00f3n cuantitativa.<\/p>","protected":false},"excerpt":{"rendered":"<p>Bol\u00edgrafo antibacteriano de mecanismo pulsador. Dise\u00f1o monocrom\u00e1tico, en variada gama de colores con acabado brillante, especialmente dise\u00f1ado para marcaje en<\/p>","protected":false},"featured_media":86016,"comment_status":"open","ping_status":"open","template":"","meta":{"inline_featured_image":false},"product_brand":[],"product_cat":[124,100],"product_tag":[],"class_list":{"0":"post-37971","1":"product","2":"type-product","3":"status-publish","4":"has-post-thumbnail","6":"product_cat-antibacterial","7":"product_cat-escritura","9":"first","10":"instock","11":"taxable","12":"shipping-taxable","13":"purchasable","14":"product-type-variable","15":"has-default-attributes"},"aioseo_notices":[],"_links":{"self":[{"href":"https:\/\/imprimeideas.es\/en\/wp-json\/wp\/v2\/product\/37971","targetHints":{"allow":["GET"]}}],"collection":[{"href":"https:\/\/imprimeideas.es\/en\/wp-json\/wp\/v2\/product"}],"about":[{"href":"https:\/\/imprimeideas.es\/en\/wp-json\/wp\/v2\/types\/product"}],"replies":[{"embeddable":true,"href":"https:\/\/imprimeideas.es\/en\/wp-json\/wp\/v2\/comments?post=37971"}],"version-history":[{"count":1,"href":"https:\/\/imprimeideas.es\/en\/wp-json\/wp\/v2\/product\/37971\/revisions"}],"predecessor-version":[{"id":60443,"href":"https:\/\/imprimeideas.es\/en\/wp-json\/wp\/v2\/product\/37971\/revisions\/60443"}],"wp:featuredmedia":[{"embeddable":true,"href":"https:\/\/imprimeideas.es\/en\/wp-json\/wp\/v2\/media\/86016"}],"wp:attachment":[{"href":"https:\/\/imprimeideas.es\/en\/wp-json\/wp\/v2\/media?parent=37971"}],"wp:term":[{"taxonomy":"product_brand","embeddable":true,"href":"https:\/\/imprimeideas.es\/en\/wp-json\/wp\/v2\/product_brand?post=37971"},{"taxonomy":"product_cat","embeddable":true,"href":"https:\/\/imprimeideas.es\/en\/wp-json\/wp\/v2\/product_cat?post=37971"},{"taxonomy":"product_tag","embeddable":true,"href":"https:\/\/imprimeideas.es\/en\/wp-json\/wp\/v2\/product_tag?post=37971"}],"curies":[{"name":"wp","href":"https:\/\/api.w.org\/{rel}","templated":true}]}}