{"id":37969,"date":"2026-02-24T11:15:16","date_gmt":"2026-02-24T10:15:16","guid":{"rendered":"https:\/\/imprimeideas.es\/?post_type=product&p=37969"},"modified":"2026-02-26T18:37:27","modified_gmt":"2026-02-26T17:37:27","slug":"boligrafo-antibacteriano-multifuncion-yak","status":"publish","type":"product","link":"https:\/\/imprimeideas.es\/en\/product\/boligrafo-antibacteriano-multifuncion-yak\/","title":{"rendered":"Bol\u00edgrafo Antibacteriano Multifunci\u00f3n Yak"},"content":{"rendered":"<p>Bol\u00edgrafo antibacteriano con pulverizador recargable integrado y capucha protectora, incluye puntero en color gris. Acabado liso en resistente ABS brillante con elegante clip met\u00e1lico y escritura en tinta azul. Capacidad del pulverizador 3ml. L\u00edquido no incluido.Los productos con tratamientos antibacterianos son capaces de reducir dr\u00e1sticamente las cargas bacterianas presentes en las superficies de los materiales, gracias a la incorporaci\u00f3n de agentes microbianos permanentes est\u00e1ticos, con alta efectividad para inhibir y prevenir la contaminaci\u00f3n bacteriana.Art\u00edculo de acuerdo al est\u00e1ndar ISO 22196, que determina la actividad antibacteriana en materiales pl\u00e1sticos y superficies no porosas, lo que permite conocer la efectividad de inhibici\u00f3n microbiana que tienen los aditivos sobre los objetos tratados mediante una evaluaci\u00f3n cuantitativa.<\/p>","protected":false},"excerpt":{"rendered":"<p>3 ml. L\u00edquido No Incluido<\/p>","protected":false},"featured_media":65089,"comment_status":"open","ping_status":"open","template":"","meta":{"inline_featured_image":false},"product_brand":[],"product_cat":[124,125,107,100],"product_tag":[],"class_list":{"0":"post-37969","1":"product","2":"type-product","3":"status-publish","4":"has-post-thumbnail","6":"product_cat-antibacterial","7":"product_cat-coleccion-proteccion-higienica","8":"product_cat-cuidado-personal-y-pharma","9":"product_cat-escritura","11":"first","12":"instock","13":"taxable","14":"shipping-taxable","15":"purchasable","16":"product-type-variable","17":"has-default-attributes"},"aioseo_notices":[],"_links":{"self":[{"href":"https:\/\/imprimeideas.es\/en\/wp-json\/wp\/v2\/product\/37969","targetHints":{"allow":["GET"]}}],"collection":[{"href":"https:\/\/imprimeideas.es\/en\/wp-json\/wp\/v2\/product"}],"about":[{"href":"https:\/\/imprimeideas.es\/en\/wp-json\/wp\/v2\/types\/product"}],"replies":[{"embeddable":true,"href":"https:\/\/imprimeideas.es\/en\/wp-json\/wp\/v2\/comments?post=37969"}],"version-history":[{"count":1,"href":"https:\/\/imprimeideas.es\/en\/wp-json\/wp\/v2\/product\/37969\/revisions"}],"predecessor-version":[{"id":60440,"href":"https:\/\/imprimeideas.es\/en\/wp-json\/wp\/v2\/product\/37969\/revisions\/60440"}],"wp:featuredmedia":[{"embeddable":true,"href":"https:\/\/imprimeideas.es\/en\/wp-json\/wp\/v2\/media\/65089"}],"wp:attachment":[{"href":"https:\/\/imprimeideas.es\/en\/wp-json\/wp\/v2\/media?parent=37969"}],"wp:term":[{"taxonomy":"product_brand","embeddable":true,"href":"https:\/\/imprimeideas.es\/en\/wp-json\/wp\/v2\/product_brand?post=37969"},{"taxonomy":"product_cat","embeddable":true,"href":"https:\/\/imprimeideas.es\/en\/wp-json\/wp\/v2\/product_cat?post=37969"},{"taxonomy":"product_tag","embeddable":true,"href":"https:\/\/imprimeideas.es\/en\/wp-json\/wp\/v2\/product_tag?post=37969"}],"curies":[{"name":"wp","href":"https:\/\/api.w.org\/{rel}","templated":true}]}}