{"id":37967,"date":"2026-02-24T11:15:16","date_gmt":"2026-02-24T10:15:16","guid":{"rendered":"https:\/\/imprimeideas.es\/?post_type=product&p=37967"},"modified":"2026-02-26T18:08:16","modified_gmt":"2026-02-26T17:08:16","slug":"bolsa-antibacteriana-maxcron","status":"publish","type":"product","link":"https:\/\/imprimeideas.es\/en\/product\/bolsa-antibacteriana-maxcron\/","title":{"rendered":"Bolsa Antibacteriana Maxcron"},"content":{"rendered":"<p>Bolsa antibacteriana de alta calidad en suave poli\u00e9ster el\u00e1stico con propiedades hidr\u00f3fugas, f\u00e1cil de imprimir. Con etiqueta distintiva antibacteriana. Tama\u00f1o 37&#215;41 cm, de acabado cosido y con asas largas. Resistencia de hasta 7kg de peso.Los productos con tratamientos antibacterianos son capaces de reducir dr\u00e1sticamente las cargas bacterianas presentes en las superficies de los materiales, gracias a la incorporaci\u00f3n de agentes microbianos permanentes est\u00e1ticos, con alta efectividad para inhibir y prevenir la contaminaci\u00f3n bacteriana.Art\u00edculo de acuerdo al est\u00e1ndar ISO 20743, que determina la actividad antibacteriana en productos textiles, lo que permite conocer la efectividad de inhibici\u00f3n microbiana que tienen los aditivos sobre los objetos tratados mediante una evaluaci\u00f3n cuantitativa.<\/p>","protected":false},"excerpt":{"rendered":"<p>Bolsa antibacteriana de alta calidad en suave poli\u00e9ster el\u00e1stico con propiedades hidr\u00f3fugas, f\u00e1cil de imprimir. Con etiqueta distintiva antibacteriana. Tama\u00f1o<\/p>","protected":false},"featured_media":40468,"comment_status":"open","ping_status":"open","template":"","meta":{"inline_featured_image":false},"product_brand":[],"product_cat":[124,99],"product_tag":[],"class_list":{"0":"post-37967","1":"product","2":"type-product","3":"status-publish","4":"has-post-thumbnail","6":"product_cat-antibacterial","7":"product_cat-bolsas","9":"first","10":"instock","11":"taxable","12":"shipping-taxable","13":"purchasable","14":"product-type-variable","15":"has-default-attributes"},"aioseo_notices":[],"_links":{"self":[{"href":"https:\/\/imprimeideas.es\/en\/wp-json\/wp\/v2\/product\/37967","targetHints":{"allow":["GET"]}}],"collection":[{"href":"https:\/\/imprimeideas.es\/en\/wp-json\/wp\/v2\/product"}],"about":[{"href":"https:\/\/imprimeideas.es\/en\/wp-json\/wp\/v2\/types\/product"}],"replies":[{"embeddable":true,"href":"https:\/\/imprimeideas.es\/en\/wp-json\/wp\/v2\/comments?post=37967"}],"version-history":[{"count":1,"href":"https:\/\/imprimeideas.es\/en\/wp-json\/wp\/v2\/product\/37967\/revisions"}],"predecessor-version":[{"id":58732,"href":"https:\/\/imprimeideas.es\/en\/wp-json\/wp\/v2\/product\/37967\/revisions\/58732"}],"wp:featuredmedia":[{"embeddable":true,"href":"https:\/\/imprimeideas.es\/en\/wp-json\/wp\/v2\/media\/40468"}],"wp:attachment":[{"href":"https:\/\/imprimeideas.es\/en\/wp-json\/wp\/v2\/media?parent=37967"}],"wp:term":[{"taxonomy":"product_brand","embeddable":true,"href":"https:\/\/imprimeideas.es\/en\/wp-json\/wp\/v2\/product_brand?post=37967"},{"taxonomy":"product_cat","embeddable":true,"href":"https:\/\/imprimeideas.es\/en\/wp-json\/wp\/v2\/product_cat?post=37967"},{"taxonomy":"product_tag","embeddable":true,"href":"https:\/\/imprimeideas.es\/en\/wp-json\/wp\/v2\/product_tag?post=37967"}],"curies":[{"name":"wp","href":"https:\/\/api.w.org\/{rel}","templated":true}]}}