{"id":37965,"date":"2026-02-24T11:15:16","date_gmt":"2026-02-24T10:15:16","guid":{"rendered":"https:\/\/imprimeideas.es\/?post_type=product&p=37965"},"modified":"2026-02-26T18:37:36","modified_gmt":"2026-02-26T17:37:36","slug":"braga-antibacteriana-nical","status":"publish","type":"product","link":"https:\/\/imprimeideas.es\/en\/product\/braga-antibacteriana-nical\/","title":{"rendered":"Braga Antibacteriana Nical"},"content":{"rendered":"<p>Braga antibacteriana de alta calidad en suave poli\u00e9ster el\u00e1stico con propiedades hidr\u00f3fugas, f\u00e1cil de imprimir. Con etiqueta distintiva antibacteriana. Los productos con tratamientos antibacterianos son capaces de reducir dr\u00e1sticamente las cargas bacterianas presentes en las superficies de los materiales, gracias a la incorporaci\u00f3n de agentes microbianos permanentes est\u00e1ticos, con alta efectividad para inhibir y prevenir la contaminaci\u00f3n bacteriana. Art\u00edculo de acuerdo al est\u00e1ndar ISO 20743, que determina la actividad antibacteriana en productos textiles, lo que permite conocer la efectividad de inhibici\u00f3n microbiana que tienen los aditivos sobre los objetos tratados mediante una evaluaci\u00f3n cuantitativa.<\/p>","protected":false},"excerpt":{"rendered":"<p>Braga antibacteriana de alta calidad en suave poli\u00e9ster el\u00e1stico con propiedades hidr\u00f3fugas, f\u00e1cil de imprimir. Con etiqueta distintiva antibacteriana. Los<\/p>","protected":false},"featured_media":76593,"comment_status":"open","ping_status":"open","template":"","meta":{"inline_featured_image":false},"product_brand":[],"product_cat":[124,125,118],"product_tag":[],"class_list":{"0":"post-37965","1":"product","2":"type-product","3":"status-publish","4":"has-post-thumbnail","6":"product_cat-antibacterial","7":"product_cat-coleccion-proteccion-higienica","8":"product_cat-lluvia-y-frio","10":"first","11":"instock","12":"taxable","13":"shipping-taxable","14":"purchasable","15":"product-type-variable","16":"has-default-attributes"},"aioseo_notices":[],"_links":{"self":[{"href":"https:\/\/imprimeideas.es\/en\/wp-json\/wp\/v2\/product\/37965","targetHints":{"allow":["GET"]}}],"collection":[{"href":"https:\/\/imprimeideas.es\/en\/wp-json\/wp\/v2\/product"}],"about":[{"href":"https:\/\/imprimeideas.es\/en\/wp-json\/wp\/v2\/types\/product"}],"replies":[{"embeddable":true,"href":"https:\/\/imprimeideas.es\/en\/wp-json\/wp\/v2\/comments?post=37965"}],"version-history":[{"count":1,"href":"https:\/\/imprimeideas.es\/en\/wp-json\/wp\/v2\/product\/37965\/revisions"}],"predecessor-version":[{"id":58730,"href":"https:\/\/imprimeideas.es\/en\/wp-json\/wp\/v2\/product\/37965\/revisions\/58730"}],"wp:featuredmedia":[{"embeddable":true,"href":"https:\/\/imprimeideas.es\/en\/wp-json\/wp\/v2\/media\/76593"}],"wp:attachment":[{"href":"https:\/\/imprimeideas.es\/en\/wp-json\/wp\/v2\/media?parent=37965"}],"wp:term":[{"taxonomy":"product_brand","embeddable":true,"href":"https:\/\/imprimeideas.es\/en\/wp-json\/wp\/v2\/product_brand?post=37965"},{"taxonomy":"product_cat","embeddable":true,"href":"https:\/\/imprimeideas.es\/en\/wp-json\/wp\/v2\/product_cat?post=37965"},{"taxonomy":"product_tag","embeddable":true,"href":"https:\/\/imprimeideas.es\/en\/wp-json\/wp\/v2\/product_tag?post=37965"}],"curies":[{"name":"wp","href":"https:\/\/api.w.org\/{rel}","templated":true}]}}