{"id":37941,"date":"2026-02-24T11:15:13","date_gmt":"2026-02-24T10:15:13","guid":{"rendered":"https:\/\/imprimeideas.es\/?post_type=product&p=37941"},"modified":"2026-02-26T18:13:44","modified_gmt":"2026-02-26T17:13:44","slug":"llavero-anticontact-bigox","status":"publish","type":"product","link":"https:\/\/imprimeideas.es\/en\/product\/llavero-anticontact-bigox\/","title":{"rendered":"Llavero Anticontact Bigox"},"content":{"rendered":"<p>Llavero higi\u00e9nico anti-contacto, fabricado en resistente acero inox. Especialmente dise\u00f1ado para evitar tocar con las manos superficies de uso com\u00fan (picaportes\u00a0de puertas, interruptores, grifos de uso p\u00fablico, cajeros autom\u00e1ticos&#8230;). Con c\u00f3modo troquel para el dedo y presentado en bolsita individual. Recomendado para marcaje en l\u00e1ser.<\/p>","protected":false},"excerpt":{"rendered":"<p>Llavero higi\u00e9nico anti-contacto, fabricado en resistente acero inox. Especialmente dise\u00f1ado para evitar tocar con las manos superficies de uso com\u00fan<\/p>","protected":false},"featured_media":69651,"comment_status":"open","ping_status":"open","template":"","meta":{"inline_featured_image":false},"product_brand":[],"product_cat":[125,128,106],"product_tag":[],"class_list":{"0":"post-37941","1":"product","2":"type-product","3":"status-publish","4":"has-post-thumbnail","6":"product_cat-coleccion-proteccion-higienica","7":"product_cat-outlet","8":"product_cat-regalos-y-premiums","10":"first","11":"instock","12":"taxable","13":"shipping-taxable","14":"purchasable","15":"product-type-variable","16":"has-default-attributes"},"aioseo_notices":[],"_links":{"self":[{"href":"https:\/\/imprimeideas.es\/en\/wp-json\/wp\/v2\/product\/37941","targetHints":{"allow":["GET"]}}],"collection":[{"href":"https:\/\/imprimeideas.es\/en\/wp-json\/wp\/v2\/product"}],"about":[{"href":"https:\/\/imprimeideas.es\/en\/wp-json\/wp\/v2\/types\/product"}],"replies":[{"embeddable":true,"href":"https:\/\/imprimeideas.es\/en\/wp-json\/wp\/v2\/comments?post=37941"}],"version-history":[{"count":1,"href":"https:\/\/imprimeideas.es\/en\/wp-json\/wp\/v2\/product\/37941\/revisions"}],"predecessor-version":[{"id":60437,"href":"https:\/\/imprimeideas.es\/en\/wp-json\/wp\/v2\/product\/37941\/revisions\/60437"}],"wp:featuredmedia":[{"embeddable":true,"href":"https:\/\/imprimeideas.es\/en\/wp-json\/wp\/v2\/media\/69651"}],"wp:attachment":[{"href":"https:\/\/imprimeideas.es\/en\/wp-json\/wp\/v2\/media?parent=37941"}],"wp:term":[{"taxonomy":"product_brand","embeddable":true,"href":"https:\/\/imprimeideas.es\/en\/wp-json\/wp\/v2\/product_brand?post=37941"},{"taxonomy":"product_cat","embeddable":true,"href":"https:\/\/imprimeideas.es\/en\/wp-json\/wp\/v2\/product_cat?post=37941"},{"taxonomy":"product_tag","embeddable":true,"href":"https:\/\/imprimeideas.es\/en\/wp-json\/wp\/v2\/product_tag?post=37941"}],"curies":[{"name":"wp","href":"https:\/\/api.w.org\/{rel}","templated":true}]}}