{"id":37933,"date":"2026-02-24T11:15:13","date_gmt":"2026-02-24T10:15:13","guid":{"rendered":"https:\/\/imprimeideas.es\/?post_type=product&p=37933"},"modified":"2026-02-26T18:42:38","modified_gmt":"2026-02-26T17:42:38","slug":"mascarilla-higienica-reutilizable-liriax","status":"publish","type":"product","link":"https:\/\/imprimeideas.es\/en\/product\/mascarilla-higienica-reutilizable-liriax\/","title":{"rendered":"Mascarilla Higi\u00e9nica Reutilizable Liriax"},"content":{"rendered":"<p>Mascarilla higi\u00e9nica reutilizable. Fabricada en algod\u00f3n y poli\u00e9ster. Capa exterior en algod\u00f3n\/poli\u00e9ster. Forro interior 100% algod\u00f3n. Costura frontal ergon\u00f3mica para un c\u00f3modo ajuste y confortables cintas el\u00e1sticas para las orejas en tejido hipoalerg\u00e9nico, con certificaci\u00f3n OEKO-TEX Clase I. Disponible en variada gama de colores. Libre de Grafeno. Para uso personal en adultos. Analizada y fabricada de acuerdo al est\u00e1ndar europeo UNE-CWA 17553:2020. Eficacia de filtraci\u00f3n bacteriana: ? 90%. Altamente resistente. Se aconseja lavar a 60\u00baC.<\/p>","protected":false},"excerpt":{"rendered":"<p>Mascarilla higi\u00e9nica reutilizable. Fabricada en algod\u00f3n y poli\u00e9ster. Capa exterior en algod\u00f3n\/poli\u00e9ster. Forro interior 100% algod\u00f3n. Costura frontal ergon\u00f3mica para<\/p>","protected":false},"featured_media":85569,"comment_status":"open","ping_status":"open","template":"","meta":{"inline_featured_image":false},"product_brand":[],"product_cat":[125,107],"product_tag":[],"class_list":{"0":"post-37933","1":"product","2":"type-product","3":"status-publish","4":"has-post-thumbnail","6":"product_cat-coleccion-proteccion-higienica","7":"product_cat-cuidado-personal-y-pharma","9":"first","10":"instock","11":"taxable","12":"shipping-taxable","13":"purchasable","14":"product-type-variable","15":"has-default-attributes"},"aioseo_notices":[],"_links":{"self":[{"href":"https:\/\/imprimeideas.es\/en\/wp-json\/wp\/v2\/product\/37933","targetHints":{"allow":["GET"]}}],"collection":[{"href":"https:\/\/imprimeideas.es\/en\/wp-json\/wp\/v2\/product"}],"about":[{"href":"https:\/\/imprimeideas.es\/en\/wp-json\/wp\/v2\/types\/product"}],"replies":[{"embeddable":true,"href":"https:\/\/imprimeideas.es\/en\/wp-json\/wp\/v2\/comments?post=37933"}],"version-history":[{"count":1,"href":"https:\/\/imprimeideas.es\/en\/wp-json\/wp\/v2\/product\/37933\/revisions"}],"predecessor-version":[{"id":58728,"href":"https:\/\/imprimeideas.es\/en\/wp-json\/wp\/v2\/product\/37933\/revisions\/58728"}],"wp:featuredmedia":[{"embeddable":true,"href":"https:\/\/imprimeideas.es\/en\/wp-json\/wp\/v2\/media\/85569"}],"wp:attachment":[{"href":"https:\/\/imprimeideas.es\/en\/wp-json\/wp\/v2\/media?parent=37933"}],"wp:term":[{"taxonomy":"product_brand","embeddable":true,"href":"https:\/\/imprimeideas.es\/en\/wp-json\/wp\/v2\/product_brand?post=37933"},{"taxonomy":"product_cat","embeddable":true,"href":"https:\/\/imprimeideas.es\/en\/wp-json\/wp\/v2\/product_cat?post=37933"},{"taxonomy":"product_tag","embeddable":true,"href":"https:\/\/imprimeideas.es\/en\/wp-json\/wp\/v2\/product_tag?post=37933"}],"curies":[{"name":"wp","href":"https:\/\/api.w.org\/{rel}","templated":true}]}}