{"id":37931,"date":"2026-02-24T11:15:12","date_gmt":"2026-02-24T10:15:12","guid":{"rendered":"https:\/\/imprimeideas.es\/?post_type=product&p=37931"},"modified":"2026-02-26T18:33:05","modified_gmt":"2026-02-26T17:33:05","slug":"gel-hidroalcoholico-lidem","status":"publish","type":"product","link":"https:\/\/imprimeideas.es\/en\/product\/gel-hidroalcoholico-lidem\/","title":{"rendered":"Gel Hidroalcoh\u00f3lico Lidem"},"content":{"rendered":"<p>Gel hidroalcoh\u00f3lico para higiene y limpieza de la piel en bote rellenable de 30 ml. Cuerpo en color transparente, con dosificador, tap\u00f3n de seguridad y mosquet\u00f3n para transporte \/ fijaci\u00f3n. Soluci\u00f3n con 65% de contenido de alcohol.Art\u00edculo con certificaci\u00f3n GMP (Good Manufaturing Practices \/ Normas de Correcta Fabricaci\u00f3n) que garantiza el cumplimiento de rigurosas medidas de control para la obtenci\u00f3n de un producto seguro y de calidad.<\/p>","protected":false},"excerpt":{"rendered":"<p>30 ml. Soluci\u00f3n para la limpieza de la piel<\/p>","protected":false},"featured_media":68780,"comment_status":"open","ping_status":"open","template":"","meta":{"inline_featured_image":false},"product_brand":[],"product_cat":[125,107,106],"product_tag":[],"class_list":{"0":"post-37931","1":"product","2":"type-product","3":"status-publish","4":"has-post-thumbnail","6":"product_cat-coleccion-proteccion-higienica","7":"product_cat-cuidado-personal-y-pharma","8":"product_cat-regalos-y-premiums","10":"first","11":"instock","12":"taxable","13":"shipping-taxable","14":"purchasable","15":"product-type-variable","16":"has-default-attributes"},"aioseo_notices":[],"_links":{"self":[{"href":"https:\/\/imprimeideas.es\/en\/wp-json\/wp\/v2\/product\/37931","targetHints":{"allow":["GET"]}}],"collection":[{"href":"https:\/\/imprimeideas.es\/en\/wp-json\/wp\/v2\/product"}],"about":[{"href":"https:\/\/imprimeideas.es\/en\/wp-json\/wp\/v2\/types\/product"}],"replies":[{"embeddable":true,"href":"https:\/\/imprimeideas.es\/en\/wp-json\/wp\/v2\/comments?post=37931"}],"version-history":[{"count":1,"href":"https:\/\/imprimeideas.es\/en\/wp-json\/wp\/v2\/product\/37931\/revisions"}],"predecessor-version":[{"id":60436,"href":"https:\/\/imprimeideas.es\/en\/wp-json\/wp\/v2\/product\/37931\/revisions\/60436"}],"wp:featuredmedia":[{"embeddable":true,"href":"https:\/\/imprimeideas.es\/en\/wp-json\/wp\/v2\/media\/68780"}],"wp:attachment":[{"href":"https:\/\/imprimeideas.es\/en\/wp-json\/wp\/v2\/media?parent=37931"}],"wp:term":[{"taxonomy":"product_brand","embeddable":true,"href":"https:\/\/imprimeideas.es\/en\/wp-json\/wp\/v2\/product_brand?post=37931"},{"taxonomy":"product_cat","embeddable":true,"href":"https:\/\/imprimeideas.es\/en\/wp-json\/wp\/v2\/product_cat?post=37931"},{"taxonomy":"product_tag","embeddable":true,"href":"https:\/\/imprimeideas.es\/en\/wp-json\/wp\/v2\/product_tag?post=37931"}],"curies":[{"name":"wp","href":"https:\/\/api.w.org\/{rel}","templated":true}]}}