{"id":37897,"date":"2026-02-24T11:15:09","date_gmt":"2026-02-24T10:15:09","guid":{"rendered":"https:\/\/imprimeideas.es\/?post_type=product&p=37897"},"modified":"2026-02-26T18:23:24","modified_gmt":"2026-02-26T17:23:24","slug":"neceser-lindak","status":"publish","type":"product","link":"https:\/\/imprimeideas.es\/en\/product\/neceser-lindak\/","title":{"rendered":"Neceser Lindak"},"content":{"rendered":"<p>Neceser de l\u00ednea nature en yute laminado, con cierre de cremallera y tirador s\u00faper cuqui en algod\u00f3n.<\/p>","protected":false},"excerpt":{"rendered":"<p>Neceser de l\u00ednea nature en yute laminado, con cierre de cremallera y tirador s\u00faper cuqui en algod\u00f3n.<\/p>","protected":false},"featured_media":70162,"comment_status":"open","ping_status":"open","template":"","meta":{"inline_featured_image":false},"product_brand":[],"product_cat":[122,107,119,114],"product_tag":[],"class_list":{"0":"post-37897","1":"product","2":"type-product","3":"status-publish","4":"has-post-thumbnail","6":"product_cat-articulos-sostenibles","7":"product_cat-cuidado-personal-y-pharma","8":"product_cat-mujer","9":"product_cat-verano-y-playa","11":"first","12":"instock","13":"taxable","14":"shipping-taxable","15":"purchasable","16":"product-type-variable","17":"has-default-attributes"},"aioseo_notices":[],"_links":{"self":[{"href":"https:\/\/imprimeideas.es\/en\/wp-json\/wp\/v2\/product\/37897","targetHints":{"allow":["GET"]}}],"collection":[{"href":"https:\/\/imprimeideas.es\/en\/wp-json\/wp\/v2\/product"}],"about":[{"href":"https:\/\/imprimeideas.es\/en\/wp-json\/wp\/v2\/types\/product"}],"replies":[{"embeddable":true,"href":"https:\/\/imprimeideas.es\/en\/wp-json\/wp\/v2\/comments?post=37897"}],"version-history":[{"count":1,"href":"https:\/\/imprimeideas.es\/en\/wp-json\/wp\/v2\/product\/37897\/revisions"}],"predecessor-version":[{"id":60427,"href":"https:\/\/imprimeideas.es\/en\/wp-json\/wp\/v2\/product\/37897\/revisions\/60427"}],"wp:featuredmedia":[{"embeddable":true,"href":"https:\/\/imprimeideas.es\/en\/wp-json\/wp\/v2\/media\/70162"}],"wp:attachment":[{"href":"https:\/\/imprimeideas.es\/en\/wp-json\/wp\/v2\/media?parent=37897"}],"wp:term":[{"taxonomy":"product_brand","embeddable":true,"href":"https:\/\/imprimeideas.es\/en\/wp-json\/wp\/v2\/product_brand?post=37897"},{"taxonomy":"product_cat","embeddable":true,"href":"https:\/\/imprimeideas.es\/en\/wp-json\/wp\/v2\/product_cat?post=37897"},{"taxonomy":"product_tag","embeddable":true,"href":"https:\/\/imprimeideas.es\/en\/wp-json\/wp\/v2\/product_tag?post=37897"}],"curies":[{"name":"wp","href":"https:\/\/api.w.org\/{rel}","templated":true}]}}