{"id":37893,"date":"2026-02-24T11:15:09","date_gmt":"2026-02-24T10:15:09","guid":{"rendered":"https:\/\/imprimeideas.es\/?post_type=product&p=37893"},"modified":"2026-02-26T18:37:36","modified_gmt":"2026-02-26T17:37:36","slug":"bolsa-botella-marcex","status":"publish","type":"product","link":"https:\/\/imprimeideas.es\/en\/product\/bolsa-botella-marcex\/","title":{"rendered":"Bolsa Botella Marcex"},"content":{"rendered":"<p>Bolsa de l\u00ednea nature en material 100% algod\u00f3n de 105g\/m2. Tama\u00f1o 12&#215;33 cm, de acabado cosido y con cordones autocierre de algod\u00f3n. Especialmente dise\u00f1ada para packaging en botellas y termos.<\/p>","protected":false},"excerpt":{"rendered":"<p>Bolsa de l\u00ednea nature en material 100% algod\u00f3n de 105g\/m2. Tama\u00f1o 12&#215;33 cm, de acabado cosido y con cordones autocierre<\/p>","protected":false},"featured_media":63975,"comment_status":"open","ping_status":"open","template":"","meta":{"inline_featured_image":false},"product_brand":[],"product_cat":[99,287,97],"product_tag":[],"class_list":{"0":"post-37893","1":"product","2":"type-product","3":"status-publish","4":"has-post-thumbnail","6":"product_cat-bolsas","7":"product_cat-embalaje-especial","8":"product_cat-tazas-jarras-y-termos","10":"first","11":"instock","12":"taxable","13":"shipping-taxable","14":"purchasable","15":"product-type-variable","16":"has-default-attributes"},"aioseo_notices":[],"_links":{"self":[{"href":"https:\/\/imprimeideas.es\/en\/wp-json\/wp\/v2\/product\/37893","targetHints":{"allow":["GET"]}}],"collection":[{"href":"https:\/\/imprimeideas.es\/en\/wp-json\/wp\/v2\/product"}],"about":[{"href":"https:\/\/imprimeideas.es\/en\/wp-json\/wp\/v2\/types\/product"}],"replies":[{"embeddable":true,"href":"https:\/\/imprimeideas.es\/en\/wp-json\/wp\/v2\/comments?post=37893"}],"version-history":[{"count":1,"href":"https:\/\/imprimeideas.es\/en\/wp-json\/wp\/v2\/product\/37893\/revisions"}],"predecessor-version":[{"id":60425,"href":"https:\/\/imprimeideas.es\/en\/wp-json\/wp\/v2\/product\/37893\/revisions\/60425"}],"wp:featuredmedia":[{"embeddable":true,"href":"https:\/\/imprimeideas.es\/en\/wp-json\/wp\/v2\/media\/63975"}],"wp:attachment":[{"href":"https:\/\/imprimeideas.es\/en\/wp-json\/wp\/v2\/media?parent=37893"}],"wp:term":[{"taxonomy":"product_brand","embeddable":true,"href":"https:\/\/imprimeideas.es\/en\/wp-json\/wp\/v2\/product_brand?post=37893"},{"taxonomy":"product_cat","embeddable":true,"href":"https:\/\/imprimeideas.es\/en\/wp-json\/wp\/v2\/product_cat?post=37893"},{"taxonomy":"product_tag","embeddable":true,"href":"https:\/\/imprimeideas.es\/en\/wp-json\/wp\/v2\/product_tag?post=37893"}],"curies":[{"name":"wp","href":"https:\/\/api.w.org\/{rel}","templated":true}]}}