{"id":37887,"date":"2026-02-24T11:15:08","date_gmt":"2026-02-24T10:15:08","guid":{"rendered":"https:\/\/imprimeideas.es\/?post_type=product&p=37887"},"modified":"2026-02-26T18:42:34","modified_gmt":"2026-02-26T17:42:34","slug":"mochila-portadocumentos-sulkan","status":"publish","type":"product","link":"https:\/\/imprimeideas.es\/en\/product\/mochila-portadocumentos-sulkan\/","title":{"rendered":"Mochila Portadocumentos Sulkan"},"content":{"rendered":"<p>Mochila portadocumentos en resistente poli\u00e9ster 600D de acabado denim. En dise\u00f1o urbano, con bolsillo antirrobo, incluye conexi\u00f3n USB para carga de dispositivos m\u00f3viles (cable incluido, bater\u00eda auxiliar no incluida) y bolsillo acolchado para port\u00e1til de hasta 17 pulgadas. Refuerzos en fuelles con cierre de hebilla de seguridad y compartimentos con cierre de cremallera de doble tirador, con cintas de hombros y espalda acolchadas, de ajuste regulable. Accesorio para ajuste en trolley y bolsillo para ocultar las cintas de la espalda cuando se usa como portadocumentos.<\/p>","protected":false},"excerpt":{"rendered":"<p>Conexi\u00f3n USB. Acolchada. Bolsillo Acolchado para Port\u00e1til<\/p>","protected":false},"featured_media":70399,"comment_status":"open","ping_status":"open","template":"","meta":{"inline_featured_image":false},"product_brand":[],"product_cat":[94,96],"product_tag":[],"class_list":{"0":"post-37887","1":"product","2":"type-product","3":"status-publish","4":"has-post-thumbnail","6":"product_cat-mochilas","7":"product_cat-oficina-y-negocios","9":"first","10":"outofstock","11":"taxable","12":"shipping-taxable","13":"purchasable","14":"product-type-variable","15":"has-default-attributes"},"aioseo_notices":[],"_links":{"self":[{"href":"https:\/\/imprimeideas.es\/en\/wp-json\/wp\/v2\/product\/37887","targetHints":{"allow":["GET"]}}],"collection":[{"href":"https:\/\/imprimeideas.es\/en\/wp-json\/wp\/v2\/product"}],"about":[{"href":"https:\/\/imprimeideas.es\/en\/wp-json\/wp\/v2\/types\/product"}],"replies":[{"embeddable":true,"href":"https:\/\/imprimeideas.es\/en\/wp-json\/wp\/v2\/comments?post=37887"}],"version-history":[{"count":1,"href":"https:\/\/imprimeideas.es\/en\/wp-json\/wp\/v2\/product\/37887\/revisions"}],"predecessor-version":[{"id":60422,"href":"https:\/\/imprimeideas.es\/en\/wp-json\/wp\/v2\/product\/37887\/revisions\/60422"}],"wp:featuredmedia":[{"embeddable":true,"href":"https:\/\/imprimeideas.es\/en\/wp-json\/wp\/v2\/media\/70399"}],"wp:attachment":[{"href":"https:\/\/imprimeideas.es\/en\/wp-json\/wp\/v2\/media?parent=37887"}],"wp:term":[{"taxonomy":"product_brand","embeddable":true,"href":"https:\/\/imprimeideas.es\/en\/wp-json\/wp\/v2\/product_brand?post=37887"},{"taxonomy":"product_cat","embeddable":true,"href":"https:\/\/imprimeideas.es\/en\/wp-json\/wp\/v2\/product_cat?post=37887"},{"taxonomy":"product_tag","embeddable":true,"href":"https:\/\/imprimeideas.es\/en\/wp-json\/wp\/v2\/product_tag?post=37887"}],"curies":[{"name":"wp","href":"https:\/\/api.w.org\/{rel}","templated":true}]}}