{"id":37885,"date":"2026-02-24T11:15:08","date_gmt":"2026-02-24T10:15:08","guid":{"rendered":"https:\/\/imprimeideas.es\/?post_type=product&p=37885"},"modified":"2026-02-26T18:32:52","modified_gmt":"2026-02-26T17:32:52","slug":"neceser-subrum","status":"publish","type":"product","link":"https:\/\/imprimeideas.es\/en\/product\/neceser-subrum\/","title":{"rendered":"Neceser Subrum"},"content":{"rendered":"<p>Neceser de l\u00ednea nature en combinaci\u00f3n de corcho natural y algod\u00f3n crudo. Con cierre de cremallera y tirador en corcho a juego.<\/p>","protected":false},"excerpt":{"rendered":"<p>Neceser de l\u00ednea nature en combinaci\u00f3n de corcho natural y algod\u00f3n crudo. Con cierre de cremallera y tirador en corcho<\/p>","protected":false},"featured_media":75660,"comment_status":"open","ping_status":"open","template":"","meta":{"inline_featured_image":false},"product_brand":[],"product_cat":[122,107,119,114],"product_tag":[],"class_list":{"0":"post-37885","1":"product","2":"type-product","3":"status-publish","4":"has-post-thumbnail","6":"product_cat-articulos-sostenibles","7":"product_cat-cuidado-personal-y-pharma","8":"product_cat-mujer","9":"product_cat-verano-y-playa","11":"first","12":"instock","13":"taxable","14":"shipping-taxable","15":"purchasable","16":"product-type-variable","17":"has-default-attributes"},"aioseo_notices":[],"_links":{"self":[{"href":"https:\/\/imprimeideas.es\/en\/wp-json\/wp\/v2\/product\/37885","targetHints":{"allow":["GET"]}}],"collection":[{"href":"https:\/\/imprimeideas.es\/en\/wp-json\/wp\/v2\/product"}],"about":[{"href":"https:\/\/imprimeideas.es\/en\/wp-json\/wp\/v2\/types\/product"}],"replies":[{"embeddable":true,"href":"https:\/\/imprimeideas.es\/en\/wp-json\/wp\/v2\/comments?post=37885"}],"version-history":[{"count":1,"href":"https:\/\/imprimeideas.es\/en\/wp-json\/wp\/v2\/product\/37885\/revisions"}],"predecessor-version":[{"id":60421,"href":"https:\/\/imprimeideas.es\/en\/wp-json\/wp\/v2\/product\/37885\/revisions\/60421"}],"wp:featuredmedia":[{"embeddable":true,"href":"https:\/\/imprimeideas.es\/en\/wp-json\/wp\/v2\/media\/75660"}],"wp:attachment":[{"href":"https:\/\/imprimeideas.es\/en\/wp-json\/wp\/v2\/media?parent=37885"}],"wp:term":[{"taxonomy":"product_brand","embeddable":true,"href":"https:\/\/imprimeideas.es\/en\/wp-json\/wp\/v2\/product_brand?post=37885"},{"taxonomy":"product_cat","embeddable":true,"href":"https:\/\/imprimeideas.es\/en\/wp-json\/wp\/v2\/product_cat?post=37885"},{"taxonomy":"product_tag","embeddable":true,"href":"https:\/\/imprimeideas.es\/en\/wp-json\/wp\/v2\/product_tag?post=37885"}],"curies":[{"name":"wp","href":"https:\/\/api.w.org\/{rel}","templated":true}]}}