{"id":37854,"date":"2026-02-24T11:15:05","date_gmt":"2026-02-24T10:15:05","guid":{"rendered":"https:\/\/imprimeideas.es\/?post_type=product&p=37854"},"modified":"2026-02-26T18:42:24","modified_gmt":"2026-02-26T17:42:24","slug":"libreta-xiankal","status":"publish","type":"product","link":"https:\/\/imprimeideas.es\/en\/product\/libreta-xiankal\/","title":{"rendered":"Libreta Xiankal"},"content":{"rendered":"<p>Libreta de anillas en l\u00ednea nature. Con tapas r\u00edgidas en corcho natural y el\u00e1stico de cierre en color negro. De 100 hojas con dise\u00f1o eco y disposici\u00f3n a una raya.<\/p>","protected":false},"excerpt":{"rendered":"<p>Portada R\u00edgida. 100 Hojas<\/p>","protected":false},"featured_media":84795,"comment_status":"open","ping_status":"open","template":"","meta":{"inline_featured_image":false},"product_brand":[],"product_cat":[122,96],"product_tag":[],"class_list":{"0":"post-37854","1":"product","2":"type-product","3":"status-publish","4":"has-post-thumbnail","6":"product_cat-articulos-sostenibles","7":"product_cat-oficina-y-negocios","9":"first","10":"instock","11":"taxable","12":"shipping-taxable","13":"purchasable","14":"product-type-variable","15":"has-default-attributes"},"aioseo_notices":[],"_links":{"self":[{"href":"https:\/\/imprimeideas.es\/en\/wp-json\/wp\/v2\/product\/37854","targetHints":{"allow":["GET"]}}],"collection":[{"href":"https:\/\/imprimeideas.es\/en\/wp-json\/wp\/v2\/product"}],"about":[{"href":"https:\/\/imprimeideas.es\/en\/wp-json\/wp\/v2\/types\/product"}],"replies":[{"embeddable":true,"href":"https:\/\/imprimeideas.es\/en\/wp-json\/wp\/v2\/comments?post=37854"}],"version-history":[{"count":1,"href":"https:\/\/imprimeideas.es\/en\/wp-json\/wp\/v2\/product\/37854\/revisions"}],"predecessor-version":[{"id":60411,"href":"https:\/\/imprimeideas.es\/en\/wp-json\/wp\/v2\/product\/37854\/revisions\/60411"}],"wp:featuredmedia":[{"embeddable":true,"href":"https:\/\/imprimeideas.es\/en\/wp-json\/wp\/v2\/media\/84795"}],"wp:attachment":[{"href":"https:\/\/imprimeideas.es\/en\/wp-json\/wp\/v2\/media?parent=37854"}],"wp:term":[{"taxonomy":"product_brand","embeddable":true,"href":"https:\/\/imprimeideas.es\/en\/wp-json\/wp\/v2\/product_brand?post=37854"},{"taxonomy":"product_cat","embeddable":true,"href":"https:\/\/imprimeideas.es\/en\/wp-json\/wp\/v2\/product_cat?post=37854"},{"taxonomy":"product_tag","embeddable":true,"href":"https:\/\/imprimeideas.es\/en\/wp-json\/wp\/v2\/product_tag?post=37854"}],"curies":[{"name":"wp","href":"https:\/\/api.w.org\/{rel}","templated":true}]}}