{"id":37826,"date":"2026-02-24T11:15:03","date_gmt":"2026-02-24T10:15:03","guid":{"rendered":"https:\/\/imprimeideas.es\/?post_type=product&p=37826"},"modified":"2026-02-25T19:56:42","modified_gmt":"2026-02-25T18:56:42","slug":"set-viaje-lopix","status":"publish","type":"product","link":"https:\/\/imprimeideas.es\/en\/product\/set-viaje-lopix\/","title":{"rendered":"Set Viaje Lopix"},"content":{"rendered":"<p>Set de viaje de 3 accesorios en resistente PP. Incluye 3 botes para gel y champ\u00fa con cierre herm\u00e9tico. Presentado en estuche de original dise\u00f1o.<\/p>","protected":false},"excerpt":{"rendered":"<p>3 Accesorios<\/p>","protected":false},"featured_media":70295,"comment_status":"open","ping_status":"open","template":"","meta":{"inline_featured_image":false},"product_brand":[],"product_cat":[128,103],"product_tag":[],"class_list":{"0":"post-37826","1":"product","2":"type-product","3":"status-publish","4":"has-post-thumbnail","6":"product_cat-outlet","7":"product_cat-viaje","9":"first","10":"outofstock","11":"taxable","12":"shipping-taxable","13":"purchasable","14":"product-type-variable","15":"has-default-attributes"},"aioseo_notices":[],"_links":{"self":[{"href":"https:\/\/imprimeideas.es\/en\/wp-json\/wp\/v2\/product\/37826","targetHints":{"allow":["GET"]}}],"collection":[{"href":"https:\/\/imprimeideas.es\/en\/wp-json\/wp\/v2\/product"}],"about":[{"href":"https:\/\/imprimeideas.es\/en\/wp-json\/wp\/v2\/types\/product"}],"replies":[{"embeddable":true,"href":"https:\/\/imprimeideas.es\/en\/wp-json\/wp\/v2\/comments?post=37826"}],"version-history":[{"count":1,"href":"https:\/\/imprimeideas.es\/en\/wp-json\/wp\/v2\/product\/37826\/revisions"}],"predecessor-version":[{"id":60404,"href":"https:\/\/imprimeideas.es\/en\/wp-json\/wp\/v2\/product\/37826\/revisions\/60404"}],"wp:featuredmedia":[{"embeddable":true,"href":"https:\/\/imprimeideas.es\/en\/wp-json\/wp\/v2\/media\/70295"}],"wp:attachment":[{"href":"https:\/\/imprimeideas.es\/en\/wp-json\/wp\/v2\/media?parent=37826"}],"wp:term":[{"taxonomy":"product_brand","embeddable":true,"href":"https:\/\/imprimeideas.es\/en\/wp-json\/wp\/v2\/product_brand?post=37826"},{"taxonomy":"product_cat","embeddable":true,"href":"https:\/\/imprimeideas.es\/en\/wp-json\/wp\/v2\/product_cat?post=37826"},{"taxonomy":"product_tag","embeddable":true,"href":"https:\/\/imprimeideas.es\/en\/wp-json\/wp\/v2\/product_tag?post=37826"}],"curies":[{"name":"wp","href":"https:\/\/api.w.org\/{rel}","templated":true}]}}