{"id":37799,"date":"2026-02-24T11:14:34","date_gmt":"2026-02-24T10:14:34","guid":{"rendered":"https:\/\/imprimeideas.es\/?post_type=product&p=37799"},"modified":"2026-02-26T18:19:39","modified_gmt":"2026-02-26T17:19:39","slug":"soporte-hunabik","status":"publish","type":"product","link":"https:\/\/imprimeideas.es\/en\/product\/soporte-hunabik\/","title":{"rendered":"Soporte Hunabik"},"content":{"rendered":"<p>Soporte para smartphone plegable en elegante acabado de color blanco, especialmente dise\u00f1ado para marcaje en tampograf\u00eda. Con adhesivo 3M, de fijaci\u00f3n extra fuerte y libre de residuos al despegarlo del dispositivo.<\/p>","protected":false},"excerpt":{"rendered":"<p>Adhesivo<\/p>","protected":false},"featured_media":63584,"comment_status":"open","ping_status":"open","template":"","meta":{"inline_featured_image":false},"product_brand":[],"product_cat":[95],"product_tag":[],"class_list":{"0":"post-37799","1":"product","2":"type-product","3":"status-publish","4":"has-post-thumbnail","6":"product_cat-tecnologia-y-accesorios","8":"first","9":"outofstock","10":"taxable","11":"shipping-taxable","12":"purchasable","13":"product-type-variable","14":"has-default-attributes"},"aioseo_notices":[],"_links":{"self":[{"href":"https:\/\/imprimeideas.es\/en\/wp-json\/wp\/v2\/product\/37799","targetHints":{"allow":["GET"]}}],"collection":[{"href":"https:\/\/imprimeideas.es\/en\/wp-json\/wp\/v2\/product"}],"about":[{"href":"https:\/\/imprimeideas.es\/en\/wp-json\/wp\/v2\/types\/product"}],"replies":[{"embeddable":true,"href":"https:\/\/imprimeideas.es\/en\/wp-json\/wp\/v2\/comments?post=37799"}],"version-history":[{"count":1,"href":"https:\/\/imprimeideas.es\/en\/wp-json\/wp\/v2\/product\/37799\/revisions"}],"predecessor-version":[{"id":60402,"href":"https:\/\/imprimeideas.es\/en\/wp-json\/wp\/v2\/product\/37799\/revisions\/60402"}],"wp:featuredmedia":[{"embeddable":true,"href":"https:\/\/imprimeideas.es\/en\/wp-json\/wp\/v2\/media\/63584"}],"wp:attachment":[{"href":"https:\/\/imprimeideas.es\/en\/wp-json\/wp\/v2\/media?parent=37799"}],"wp:term":[{"taxonomy":"product_brand","embeddable":true,"href":"https:\/\/imprimeideas.es\/en\/wp-json\/wp\/v2\/product_brand?post=37799"},{"taxonomy":"product_cat","embeddable":true,"href":"https:\/\/imprimeideas.es\/en\/wp-json\/wp\/v2\/product_cat?post=37799"},{"taxonomy":"product_tag","embeddable":true,"href":"https:\/\/imprimeideas.es\/en\/wp-json\/wp\/v2\/product_tag?post=37799"}],"curies":[{"name":"wp","href":"https:\/\/api.w.org\/{rel}","templated":true}]}}