{"id":37797,"date":"2026-02-24T11:14:34","date_gmt":"2026-02-24T10:14:34","guid":{"rendered":"https:\/\/imprimeideas.es\/?post_type=product&p=37797"},"modified":"2026-02-26T18:42:40","modified_gmt":"2026-02-26T17:42:40","slug":"mapa-palsy","status":"publish","type":"product","link":"https:\/\/imprimeideas.es\/en\/product\/mapa-palsy\/","title":{"rendered":"Mapa Palsy"},"content":{"rendered":"<p>Mapamundi de l\u00ednea nature para los m\u00e1s viajeros. Fabricado en papel laminado, basta con rascar la superficie del pa\u00eds que se desee para que aparezca como marcado. Incluye rascador y viene presentado en un atractivo estuche de cart\u00f3n de dise\u00f1o eco.<\/p>","protected":false},"excerpt":{"rendered":"<p>Rascador Incluido<\/p>","protected":false},"featured_media":86122,"comment_status":"open","ping_status":"open","template":"","meta":{"inline_featured_image":false},"product_brand":[],"product_cat":[122,104],"product_tag":[],"class_list":{"0":"post-37797","1":"product","2":"type-product","3":"status-publish","4":"has-post-thumbnail","6":"product_cat-articulos-sostenibles","7":"product_cat-hogar-y-decoracion","9":"first","10":"instock","11":"taxable","12":"shipping-taxable","13":"purchasable","14":"product-type-variable","15":"has-default-attributes"},"aioseo_notices":[],"_links":{"self":[{"href":"https:\/\/imprimeideas.es\/en\/wp-json\/wp\/v2\/product\/37797","targetHints":{"allow":["GET"]}}],"collection":[{"href":"https:\/\/imprimeideas.es\/en\/wp-json\/wp\/v2\/product"}],"about":[{"href":"https:\/\/imprimeideas.es\/en\/wp-json\/wp\/v2\/types\/product"}],"replies":[{"embeddable":true,"href":"https:\/\/imprimeideas.es\/en\/wp-json\/wp\/v2\/comments?post=37797"}],"version-history":[{"count":1,"href":"https:\/\/imprimeideas.es\/en\/wp-json\/wp\/v2\/product\/37797\/revisions"}],"predecessor-version":[{"id":60401,"href":"https:\/\/imprimeideas.es\/en\/wp-json\/wp\/v2\/product\/37797\/revisions\/60401"}],"wp:featuredmedia":[{"embeddable":true,"href":"https:\/\/imprimeideas.es\/en\/wp-json\/wp\/v2\/media\/86122"}],"wp:attachment":[{"href":"https:\/\/imprimeideas.es\/en\/wp-json\/wp\/v2\/media?parent=37797"}],"wp:term":[{"taxonomy":"product_brand","embeddable":true,"href":"https:\/\/imprimeideas.es\/en\/wp-json\/wp\/v2\/product_brand?post=37797"},{"taxonomy":"product_cat","embeddable":true,"href":"https:\/\/imprimeideas.es\/en\/wp-json\/wp\/v2\/product_cat?post=37797"},{"taxonomy":"product_tag","embeddable":true,"href":"https:\/\/imprimeideas.es\/en\/wp-json\/wp\/v2\/product_tag?post=37797"}],"curies":[{"name":"wp","href":"https:\/\/api.w.org\/{rel}","templated":true}]}}