{"id":37778,"date":"2026-02-24T11:14:32","date_gmt":"2026-02-24T10:14:32","guid":{"rendered":"https:\/\/imprimeideas.es\/?post_type=product&p=37778"},"modified":"2026-02-26T18:03:06","modified_gmt":"2026-02-26T17:03:06","slug":"botella-lonpel","status":"publish","type":"product","link":"https:\/\/imprimeideas.es\/en\/product\/botella-lonpel\/","title":{"rendered":"Botella Lonpel"},"content":{"rendered":"<p>Botella de l\u00ednea nature de 1l. Fabricada en cristal, con tap\u00f3n de corcho natural y especialmente recomendada para agua y vino. Presentada en caja individual de dise\u00f1o eco.<\/p>","protected":false},"excerpt":{"rendered":"<p>1 L<\/p>","protected":false},"featured_media":74961,"comment_status":"open","ping_status":"open","template":"","meta":{"inline_featured_image":false},"product_brand":[],"product_cat":[122,104,97,105],"product_tag":[],"class_list":{"0":"post-37778","1":"product","2":"type-product","3":"status-publish","4":"has-post-thumbnail","6":"product_cat-articulos-sostenibles","7":"product_cat-hogar-y-decoracion","8":"product_cat-tazas-jarras-y-termos","9":"product_cat-vino-accesorios-de-bebida-y-hosteleria","11":"first","12":"instock","13":"taxable","14":"shipping-taxable","15":"purchasable","16":"product-type-variable","17":"has-default-attributes"},"aioseo_notices":[],"_links":{"self":[{"href":"https:\/\/imprimeideas.es\/en\/wp-json\/wp\/v2\/product\/37778","targetHints":{"allow":["GET"]}}],"collection":[{"href":"https:\/\/imprimeideas.es\/en\/wp-json\/wp\/v2\/product"}],"about":[{"href":"https:\/\/imprimeideas.es\/en\/wp-json\/wp\/v2\/types\/product"}],"replies":[{"embeddable":true,"href":"https:\/\/imprimeideas.es\/en\/wp-json\/wp\/v2\/comments?post=37778"}],"version-history":[{"count":1,"href":"https:\/\/imprimeideas.es\/en\/wp-json\/wp\/v2\/product\/37778\/revisions"}],"predecessor-version":[{"id":60394,"href":"https:\/\/imprimeideas.es\/en\/wp-json\/wp\/v2\/product\/37778\/revisions\/60394"}],"wp:featuredmedia":[{"embeddable":true,"href":"https:\/\/imprimeideas.es\/en\/wp-json\/wp\/v2\/media\/74961"}],"wp:attachment":[{"href":"https:\/\/imprimeideas.es\/en\/wp-json\/wp\/v2\/media?parent=37778"}],"wp:term":[{"taxonomy":"product_brand","embeddable":true,"href":"https:\/\/imprimeideas.es\/en\/wp-json\/wp\/v2\/product_brand?post=37778"},{"taxonomy":"product_cat","embeddable":true,"href":"https:\/\/imprimeideas.es\/en\/wp-json\/wp\/v2\/product_cat?post=37778"},{"taxonomy":"product_tag","embeddable":true,"href":"https:\/\/imprimeideas.es\/en\/wp-json\/wp\/v2\/product_tag?post=37778"}],"curies":[{"name":"wp","href":"https:\/\/api.w.org\/{rel}","templated":true}]}}