{"id":37776,"date":"2026-02-24T11:14:32","date_gmt":"2026-02-24T10:14:32","guid":{"rendered":"https:\/\/imprimeideas.es\/?post_type=product&p=37776"},"modified":"2026-02-26T18:37:35","modified_gmt":"2026-02-26T17:37:35","slug":"bolsa-plegable-nacry","status":"publish","type":"product","link":"https:\/\/imprimeideas.es\/en\/product\/bolsa-plegable-nacry\/","title":{"rendered":"Bolsa Plegable Nacry"},"content":{"rendered":"<p>Bolsa plegable de redecilla de gran capacidad. De l\u00ednea nature enalgod\u00f3n crudo, con bolsita lisa para impresi\u00f3n de cierre de cord\u00f3n. Asas largas y plegado de peque\u00f1o tama\u00f1o para f\u00e1cil transporte.<\/p>","protected":false},"excerpt":{"rendered":"<p>Bolsa plegable de redecilla de gran capacidad. De l\u00ednea nature enalgod\u00f3n crudo, con bolsita lisa para impresi\u00f3n de cierre de<\/p>","protected":false},"featured_media":62553,"comment_status":"open","ping_status":"open","template":"","meta":{"inline_featured_image":false},"product_brand":[],"product_cat":[99],"product_tag":[],"class_list":{"0":"post-37776","1":"product","2":"type-product","3":"status-publish","4":"has-post-thumbnail","6":"product_cat-bolsas","8":"first","9":"instock","10":"taxable","11":"shipping-taxable","12":"purchasable","13":"product-type-variable","14":"has-default-attributes"},"aioseo_notices":[],"_links":{"self":[{"href":"https:\/\/imprimeideas.es\/en\/wp-json\/wp\/v2\/product\/37776","targetHints":{"allow":["GET"]}}],"collection":[{"href":"https:\/\/imprimeideas.es\/en\/wp-json\/wp\/v2\/product"}],"about":[{"href":"https:\/\/imprimeideas.es\/en\/wp-json\/wp\/v2\/types\/product"}],"replies":[{"embeddable":true,"href":"https:\/\/imprimeideas.es\/en\/wp-json\/wp\/v2\/comments?post=37776"}],"version-history":[{"count":1,"href":"https:\/\/imprimeideas.es\/en\/wp-json\/wp\/v2\/product\/37776\/revisions"}],"predecessor-version":[{"id":60393,"href":"https:\/\/imprimeideas.es\/en\/wp-json\/wp\/v2\/product\/37776\/revisions\/60393"}],"wp:featuredmedia":[{"embeddable":true,"href":"https:\/\/imprimeideas.es\/en\/wp-json\/wp\/v2\/media\/62553"}],"wp:attachment":[{"href":"https:\/\/imprimeideas.es\/en\/wp-json\/wp\/v2\/media?parent=37776"}],"wp:term":[{"taxonomy":"product_brand","embeddable":true,"href":"https:\/\/imprimeideas.es\/en\/wp-json\/wp\/v2\/product_brand?post=37776"},{"taxonomy":"product_cat","embeddable":true,"href":"https:\/\/imprimeideas.es\/en\/wp-json\/wp\/v2\/product_cat?post=37776"},{"taxonomy":"product_tag","embeddable":true,"href":"https:\/\/imprimeideas.es\/en\/wp-json\/wp\/v2\/product_tag?post=37776"}],"curies":[{"name":"wp","href":"https:\/\/api.w.org\/{rel}","templated":true}]}}