{"id":37774,"date":"2026-02-24T11:14:32","date_gmt":"2026-02-24T10:14:32","guid":{"rendered":"https:\/\/imprimeideas.es\/?post_type=product&p=37774"},"modified":"2026-02-26T18:45:07","modified_gmt":"2026-02-26T17:45:07","slug":"tapa-webcam-fildon","status":"publish","type":"product","link":"https:\/\/imprimeideas.es\/en\/product\/tapa-webcam-fildon\/","title":{"rendered":"Tapa Webcam Fildon"},"content":{"rendered":"<p>Tapa deslizante de l\u00ednea nature. Dise\u00f1ada para cubrir la c\u00e1mara de los dispositivos electr\u00f3nicos y asegurar la protecci\u00f3n de la privacidad. En ca\u00f1a de trigo, para as\u00ed fomentar la utilizaci\u00f3n de materias primas naturales y reducir las emisiones contaminantes. Con adhesivo 3M, de fijaci\u00f3n extra fuerte y libre de residuos al despegarlo del dispositivo.<\/p>","protected":false},"excerpt":{"rendered":"<p>Adhesivo<\/p>","protected":false},"featured_media":60906,"comment_status":"open","ping_status":"open","template":"","meta":{"inline_featured_image":false},"product_brand":[],"product_cat":[122,95],"product_tag":[],"class_list":{"0":"post-37774","1":"product","2":"type-product","3":"status-publish","4":"has-post-thumbnail","6":"product_cat-articulos-sostenibles","7":"product_cat-tecnologia-y-accesorios","9":"first","10":"instock","11":"taxable","12":"shipping-taxable","13":"purchasable","14":"product-type-variable","15":"has-default-attributes"},"aioseo_notices":[],"_links":{"self":[{"href":"https:\/\/imprimeideas.es\/en\/wp-json\/wp\/v2\/product\/37774","targetHints":{"allow":["GET"]}}],"collection":[{"href":"https:\/\/imprimeideas.es\/en\/wp-json\/wp\/v2\/product"}],"about":[{"href":"https:\/\/imprimeideas.es\/en\/wp-json\/wp\/v2\/types\/product"}],"replies":[{"embeddable":true,"href":"https:\/\/imprimeideas.es\/en\/wp-json\/wp\/v2\/comments?post=37774"}],"version-history":[{"count":1,"href":"https:\/\/imprimeideas.es\/en\/wp-json\/wp\/v2\/product\/37774\/revisions"}],"predecessor-version":[{"id":60392,"href":"https:\/\/imprimeideas.es\/en\/wp-json\/wp\/v2\/product\/37774\/revisions\/60392"}],"wp:featuredmedia":[{"embeddable":true,"href":"https:\/\/imprimeideas.es\/en\/wp-json\/wp\/v2\/media\/60906"}],"wp:attachment":[{"href":"https:\/\/imprimeideas.es\/en\/wp-json\/wp\/v2\/media?parent=37774"}],"wp:term":[{"taxonomy":"product_brand","embeddable":true,"href":"https:\/\/imprimeideas.es\/en\/wp-json\/wp\/v2\/product_brand?post=37774"},{"taxonomy":"product_cat","embeddable":true,"href":"https:\/\/imprimeideas.es\/en\/wp-json\/wp\/v2\/product_cat?post=37774"},{"taxonomy":"product_tag","embeddable":true,"href":"https:\/\/imprimeideas.es\/en\/wp-json\/wp\/v2\/product_tag?post=37774"}],"curies":[{"name":"wp","href":"https:\/\/api.w.org\/{rel}","templated":true}]}}