{"id":37759,"date":"2026-02-24T11:14:31","date_gmt":"2026-02-24T10:14:31","guid":{"rendered":"https:\/\/imprimeideas.es\/?post_type=product&p=37759"},"modified":"2026-02-26T18:37:36","modified_gmt":"2026-02-26T17:37:36","slug":"libreta-sulax","status":"publish","type":"product","link":"https:\/\/imprimeideas.es\/en\/product\/libreta-sulax\/","title":{"rendered":"Libreta Sulax"},"content":{"rendered":"<p>Set de libreta y bol\u00edgrafo en l\u00ednea nature. Incluye libreta de anillas con tapas r\u00edgidas en corcho natural y cart\u00f3n reciclado, con 80 hojas de disposici\u00f3n a una raya y dise\u00f1o eco. Bol\u00edgrafo de mecanismo pulsador, con cuerpo en cart\u00f3n reciclado y accesorios en ca\u00f1a de trigo, para as\u00ed fomentar la utilizaci\u00f3n de materias primas naturales y reducir las emisiones contaminantes. Tinta azul.<\/p>","protected":false},"excerpt":{"rendered":"<p>Portada R\u00edgida. 50 Hojas. Bol\u00edgrafo Cart\u00f3n Reciclado\/ Ca\u00f1a de Trigo\/ ABS Incluido<\/p>","protected":false},"featured_media":75211,"comment_status":"open","ping_status":"open","template":"","meta":{"inline_featured_image":false},"product_brand":[],"product_cat":[122,96],"product_tag":[],"class_list":{"0":"post-37759","1":"product","2":"type-product","3":"status-publish","4":"has-post-thumbnail","6":"product_cat-articulos-sostenibles","7":"product_cat-oficina-y-negocios","9":"first","10":"instock","11":"taxable","12":"shipping-taxable","13":"purchasable","14":"product-type-variable","15":"has-default-attributes"},"aioseo_notices":[],"_links":{"self":[{"href":"https:\/\/imprimeideas.es\/en\/wp-json\/wp\/v2\/product\/37759","targetHints":{"allow":["GET"]}}],"collection":[{"href":"https:\/\/imprimeideas.es\/en\/wp-json\/wp\/v2\/product"}],"about":[{"href":"https:\/\/imprimeideas.es\/en\/wp-json\/wp\/v2\/types\/product"}],"replies":[{"embeddable":true,"href":"https:\/\/imprimeideas.es\/en\/wp-json\/wp\/v2\/comments?post=37759"}],"version-history":[{"count":1,"href":"https:\/\/imprimeideas.es\/en\/wp-json\/wp\/v2\/product\/37759\/revisions"}],"predecessor-version":[{"id":60386,"href":"https:\/\/imprimeideas.es\/en\/wp-json\/wp\/v2\/product\/37759\/revisions\/60386"}],"wp:featuredmedia":[{"embeddable":true,"href":"https:\/\/imprimeideas.es\/en\/wp-json\/wp\/v2\/media\/75211"}],"wp:attachment":[{"href":"https:\/\/imprimeideas.es\/en\/wp-json\/wp\/v2\/media?parent=37759"}],"wp:term":[{"taxonomy":"product_brand","embeddable":true,"href":"https:\/\/imprimeideas.es\/en\/wp-json\/wp\/v2\/product_brand?post=37759"},{"taxonomy":"product_cat","embeddable":true,"href":"https:\/\/imprimeideas.es\/en\/wp-json\/wp\/v2\/product_cat?post=37759"},{"taxonomy":"product_tag","embeddable":true,"href":"https:\/\/imprimeideas.es\/en\/wp-json\/wp\/v2\/product_tag?post=37759"}],"curies":[{"name":"wp","href":"https:\/\/api.w.org\/{rel}","templated":true}]}}