{"id":37740,"date":"2026-02-24T11:14:29","date_gmt":"2026-02-24T10:14:29","guid":{"rendered":"https:\/\/imprimeideas.es\/?post_type=product&p=37740"},"modified":"2026-02-26T18:13:48","modified_gmt":"2026-02-26T17:13:48","slug":"trolley-hessok","status":"publish","type":"product","link":"https:\/\/imprimeideas.es\/en\/product\/trolley-hessok\/","title":{"rendered":"Trolley Hessok"},"content":{"rendered":"<p>Trolley en resistente material PC r\u00edgido, de alta resistencia a impactos y con terminaci\u00f3n trendy de acabado semimate. De apertura total, con 4 ruedas giratorias dobles y cierre de seguridad por contrase\u00f1a. Cierre conforme a los est\u00e1ndares TSA -Administraci\u00f3n de la Seguridad en el Transporte-, que permite a las autoridades de aduanas inspeccionar el contenido del equipaje sin tener que forzar o romper el cierre, a traves de una llave especial a disposici\u00f3n de la autoridad. Compartimento principal con cierre de cremallera de doble tirador y doble asa de mano. Interior forrado.<\/p>","protected":false},"excerpt":{"rendered":"<p>R\u00edgido. 8 Ruedas Giratorias. Cierre Seguridad TSA<\/p>","protected":false},"featured_media":79110,"comment_status":"open","ping_status":"open","template":"","meta":{"inline_featured_image":false},"product_brand":[],"product_cat":[103],"product_tag":[],"class_list":{"0":"post-37740","1":"product","2":"type-product","3":"status-publish","4":"has-post-thumbnail","6":"product_cat-viaje","8":"first","9":"instock","10":"taxable","11":"shipping-taxable","12":"purchasable","13":"product-type-variable","14":"has-default-attributes"},"aioseo_notices":[],"_links":{"self":[{"href":"https:\/\/imprimeideas.es\/en\/wp-json\/wp\/v2\/product\/37740","targetHints":{"allow":["GET"]}}],"collection":[{"href":"https:\/\/imprimeideas.es\/en\/wp-json\/wp\/v2\/product"}],"about":[{"href":"https:\/\/imprimeideas.es\/en\/wp-json\/wp\/v2\/types\/product"}],"replies":[{"embeddable":true,"href":"https:\/\/imprimeideas.es\/en\/wp-json\/wp\/v2\/comments?post=37740"}],"version-history":[{"count":1,"href":"https:\/\/imprimeideas.es\/en\/wp-json\/wp\/v2\/product\/37740\/revisions"}],"predecessor-version":[{"id":60378,"href":"https:\/\/imprimeideas.es\/en\/wp-json\/wp\/v2\/product\/37740\/revisions\/60378"}],"wp:featuredmedia":[{"embeddable":true,"href":"https:\/\/imprimeideas.es\/en\/wp-json\/wp\/v2\/media\/79110"}],"wp:attachment":[{"href":"https:\/\/imprimeideas.es\/en\/wp-json\/wp\/v2\/media?parent=37740"}],"wp:term":[{"taxonomy":"product_brand","embeddable":true,"href":"https:\/\/imprimeideas.es\/en\/wp-json\/wp\/v2\/product_brand?post=37740"},{"taxonomy":"product_cat","embeddable":true,"href":"https:\/\/imprimeideas.es\/en\/wp-json\/wp\/v2\/product_cat?post=37740"},{"taxonomy":"product_tag","embeddable":true,"href":"https:\/\/imprimeideas.es\/en\/wp-json\/wp\/v2\/product_tag?post=37740"}],"curies":[{"name":"wp","href":"https:\/\/api.w.org\/{rel}","templated":true}]}}