{"id":37738,"date":"2026-02-24T11:14:29","date_gmt":"2026-02-24T10:14:29","guid":{"rendered":"https:\/\/imprimeideas.es\/?post_type=product&p=37738"},"modified":"2026-02-26T18:42:24","modified_gmt":"2026-02-26T17:42:24","slug":"espejo-gradiox","status":"publish","type":"product","link":"https:\/\/imprimeideas.es\/en\/product\/espejo-gradiox\/","title":{"rendered":"Espejo Gradiox"},"content":{"rendered":"<p>Espejo plegable de l\u00ednea nature fabricado en ca\u00f1a de trigo, para as\u00ed fomentar la utilizaci\u00f3n de materias primas naturales y reducir las emisiones contaminantes.<\/p>","protected":false},"excerpt":{"rendered":"<p>Espejo plegable de l\u00ednea nature fabricado en ca\u00f1a de trigo, para as\u00ed fomentar la utilizaci\u00f3n de materias primas naturales y<\/p>","protected":false},"featured_media":74605,"comment_status":"open","ping_status":"open","template":"","meta":{"inline_featured_image":false},"product_brand":[],"product_cat":[122,107,119],"product_tag":[],"class_list":{"0":"post-37738","1":"product","2":"type-product","3":"status-publish","4":"has-post-thumbnail","6":"product_cat-articulos-sostenibles","7":"product_cat-cuidado-personal-y-pharma","8":"product_cat-mujer","10":"first","11":"instock","12":"taxable","13":"shipping-taxable","14":"purchasable","15":"product-type-variable","16":"has-default-attributes"},"aioseo_notices":[],"_links":{"self":[{"href":"https:\/\/imprimeideas.es\/en\/wp-json\/wp\/v2\/product\/37738","targetHints":{"allow":["GET"]}}],"collection":[{"href":"https:\/\/imprimeideas.es\/en\/wp-json\/wp\/v2\/product"}],"about":[{"href":"https:\/\/imprimeideas.es\/en\/wp-json\/wp\/v2\/types\/product"}],"replies":[{"embeddable":true,"href":"https:\/\/imprimeideas.es\/en\/wp-json\/wp\/v2\/comments?post=37738"}],"version-history":[{"count":1,"href":"https:\/\/imprimeideas.es\/en\/wp-json\/wp\/v2\/product\/37738\/revisions"}],"predecessor-version":[{"id":60377,"href":"https:\/\/imprimeideas.es\/en\/wp-json\/wp\/v2\/product\/37738\/revisions\/60377"}],"wp:featuredmedia":[{"embeddable":true,"href":"https:\/\/imprimeideas.es\/en\/wp-json\/wp\/v2\/media\/74605"}],"wp:attachment":[{"href":"https:\/\/imprimeideas.es\/en\/wp-json\/wp\/v2\/media?parent=37738"}],"wp:term":[{"taxonomy":"product_brand","embeddable":true,"href":"https:\/\/imprimeideas.es\/en\/wp-json\/wp\/v2\/product_brand?post=37738"},{"taxonomy":"product_cat","embeddable":true,"href":"https:\/\/imprimeideas.es\/en\/wp-json\/wp\/v2\/product_cat?post=37738"},{"taxonomy":"product_tag","embeddable":true,"href":"https:\/\/imprimeideas.es\/en\/wp-json\/wp\/v2\/product_tag?post=37738"}],"curies":[{"name":"wp","href":"https:\/\/api.w.org\/{rel}","templated":true}]}}