{"id":37736,"date":"2026-02-24T11:14:29","date_gmt":"2026-02-24T10:14:29","guid":{"rendered":"https:\/\/imprimeideas.es\/?post_type=product&p=37736"},"modified":"2026-02-26T18:13:43","modified_gmt":"2026-02-26T17:13:43","slug":"altavoz-cargador-trecam","status":"publish","type":"product","link":"https:\/\/imprimeideas.es\/en\/product\/altavoz-cargador-trecam\/","title":{"rendered":"Altavoz Cargador Trecam"},"content":{"rendered":"<p>Altavoz inal\u00e1mbrico de l\u00ednea nature, de carga r\u00e1pida 10W. Conexi\u00f3n Bluetooth 5.0, con 5W de potencia. superficie de carga hecha en bamb\u00fa, con carcasa en ca\u00f1a de trigo, para as\u00ed fomentar la utilizaci\u00f3n de materias primas naturales y reducir las emisiones contaminantes. Compatible con dispositivos equipados con tecnolog\u00eda de carga inal\u00e1mbrica. Con entrada de l\u00ednea via jack 3.5mm. Amplia superficie de marcaje y presentado en atractiva caja de dise\u00f1o eco. Cable Tipo C incluido de 80 cm.<\/p>","protected":false},"excerpt":{"rendered":"<p>Inal\u00e1mbrico 10W. Conexi\u00f3n Bluetooth. Potencia Sonido 5W. Bater\u00eda 1.200 mAh<\/p>","protected":false},"featured_media":77682,"comment_status":"open","ping_status":"open","template":"","meta":{"inline_featured_image":false},"product_brand":[],"product_cat":[122,95],"product_tag":[],"class_list":{"0":"post-37736","1":"product","2":"type-product","3":"status-publish","4":"has-post-thumbnail","6":"product_cat-articulos-sostenibles","7":"product_cat-tecnologia-y-accesorios","9":"first","10":"instock","11":"taxable","12":"shipping-taxable","13":"purchasable","14":"product-type-variable","15":"has-default-attributes"},"aioseo_notices":[],"_links":{"self":[{"href":"https:\/\/imprimeideas.es\/en\/wp-json\/wp\/v2\/product\/37736","targetHints":{"allow":["GET"]}}],"collection":[{"href":"https:\/\/imprimeideas.es\/en\/wp-json\/wp\/v2\/product"}],"about":[{"href":"https:\/\/imprimeideas.es\/en\/wp-json\/wp\/v2\/types\/product"}],"replies":[{"embeddable":true,"href":"https:\/\/imprimeideas.es\/en\/wp-json\/wp\/v2\/comments?post=37736"}],"version-history":[{"count":1,"href":"https:\/\/imprimeideas.es\/en\/wp-json\/wp\/v2\/product\/37736\/revisions"}],"predecessor-version":[{"id":60376,"href":"https:\/\/imprimeideas.es\/en\/wp-json\/wp\/v2\/product\/37736\/revisions\/60376"}],"wp:featuredmedia":[{"embeddable":true,"href":"https:\/\/imprimeideas.es\/en\/wp-json\/wp\/v2\/media\/77682"}],"wp:attachment":[{"href":"https:\/\/imprimeideas.es\/en\/wp-json\/wp\/v2\/media?parent=37736"}],"wp:term":[{"taxonomy":"product_brand","embeddable":true,"href":"https:\/\/imprimeideas.es\/en\/wp-json\/wp\/v2\/product_brand?post=37736"},{"taxonomy":"product_cat","embeddable":true,"href":"https:\/\/imprimeideas.es\/en\/wp-json\/wp\/v2\/product_cat?post=37736"},{"taxonomy":"product_tag","embeddable":true,"href":"https:\/\/imprimeideas.es\/en\/wp-json\/wp\/v2\/product_tag?post=37736"}],"curies":[{"name":"wp","href":"https:\/\/api.w.org\/{rel}","templated":true}]}}