{"id":37734,"date":"2026-02-24T11:14:28","date_gmt":"2026-02-24T10:14:28","guid":{"rendered":"https:\/\/imprimeideas.es\/?post_type=product&p=37734"},"modified":"2026-02-26T18:23:14","modified_gmt":"2026-02-26T17:23:14","slug":"cargador-tarmix","status":"publish","type":"product","link":"https:\/\/imprimeideas.es\/en\/product\/cargador-tarmix\/","title":{"rendered":"Cargador Tarmix"},"content":{"rendered":"<p>Cargador inal\u00e1mbrico en elegante acabado blanco con funci\u00f3n soporte para m\u00f3vil. Funci\u00f3n carga r\u00e1pida de 10W y compatible con dispositivos equipados con tecnolog\u00eda de carga inal\u00e1mbrica. Amplia superficie de marcaje y presentado en atractiva caja de dise\u00f1o.<\/p>","protected":false},"excerpt":{"rendered":"<p>Inal\u00e1mbrico 15W<\/p>","protected":false},"featured_media":84249,"comment_status":"open","ping_status":"open","template":"","meta":{"inline_featured_image":false},"product_brand":[],"product_cat":[95],"product_tag":[],"class_list":{"0":"post-37734","1":"product","2":"type-product","3":"status-publish","4":"has-post-thumbnail","6":"product_cat-tecnologia-y-accesorios","8":"first","9":"instock","10":"taxable","11":"shipping-taxable","12":"purchasable","13":"product-type-variable","14":"has-default-attributes"},"aioseo_notices":[],"_links":{"self":[{"href":"https:\/\/imprimeideas.es\/en\/wp-json\/wp\/v2\/product\/37734","targetHints":{"allow":["GET"]}}],"collection":[{"href":"https:\/\/imprimeideas.es\/en\/wp-json\/wp\/v2\/product"}],"about":[{"href":"https:\/\/imprimeideas.es\/en\/wp-json\/wp\/v2\/types\/product"}],"replies":[{"embeddable":true,"href":"https:\/\/imprimeideas.es\/en\/wp-json\/wp\/v2\/comments?post=37734"}],"version-history":[{"count":1,"href":"https:\/\/imprimeideas.es\/en\/wp-json\/wp\/v2\/product\/37734\/revisions"}],"predecessor-version":[{"id":60375,"href":"https:\/\/imprimeideas.es\/en\/wp-json\/wp\/v2\/product\/37734\/revisions\/60375"}],"wp:featuredmedia":[{"embeddable":true,"href":"https:\/\/imprimeideas.es\/en\/wp-json\/wp\/v2\/media\/84249"}],"wp:attachment":[{"href":"https:\/\/imprimeideas.es\/en\/wp-json\/wp\/v2\/media?parent=37734"}],"wp:term":[{"taxonomy":"product_brand","embeddable":true,"href":"https:\/\/imprimeideas.es\/en\/wp-json\/wp\/v2\/product_brand?post=37734"},{"taxonomy":"product_cat","embeddable":true,"href":"https:\/\/imprimeideas.es\/en\/wp-json\/wp\/v2\/product_cat?post=37734"},{"taxonomy":"product_tag","embeddable":true,"href":"https:\/\/imprimeideas.es\/en\/wp-json\/wp\/v2\/product_tag?post=37734"}],"curies":[{"name":"wp","href":"https:\/\/api.w.org\/{rel}","templated":true}]}}