{"id":37732,"date":"2026-02-24T11:14:28","date_gmt":"2026-02-24T10:14:28","guid":{"rendered":"https:\/\/imprimeideas.es\/?post_type=product&p=37732"},"modified":"2026-02-26T18:42:38","modified_gmt":"2026-02-26T17:42:38","slug":"bloc-notas-kendil","status":"publish","type":"product","link":"https:\/\/imprimeideas.es\/en\/product\/bloc-notas-kendil\/","title":{"rendered":"Bloc Notas Kendil"},"content":{"rendered":"<p>Set de bloc de notas y bol\u00edgrafo en l\u00ednea nature con planificador semanal perpetuo. Tapas r\u00edgidas en cart\u00f3n reciclado con soporte para bol\u00edgrafo y 60 hojas de planificaci\u00f3n semanal. Incluye 25 notas adhesivas medianas y 125 mini-notas adhesivas. Con bol\u00edgrafo de mecanismo pulsador y cuerpo en cart\u00f3n reciclado-tinta azul-.<\/p>","protected":false},"excerpt":{"rendered":"<p>Bloc 60 Hojas. 25 Notas Adhesivas 5 x 7,5 cm. 125 Mininotas Adhesivas 1,5 x 5 cm. Bol\u00edgrafo Cart\u00f3n Reciclado Incluido<\/p>","protected":false},"featured_media":82410,"comment_status":"open","ping_status":"open","template":"","meta":{"inline_featured_image":false},"product_brand":[],"product_cat":[122,96],"product_tag":[],"class_list":{"0":"post-37732","1":"product","2":"type-product","3":"status-publish","4":"has-post-thumbnail","6":"product_cat-articulos-sostenibles","7":"product_cat-oficina-y-negocios","9":"first","10":"instock","11":"taxable","12":"shipping-taxable","13":"purchasable","14":"product-type-variable","15":"has-default-attributes"},"aioseo_notices":[],"_links":{"self":[{"href":"https:\/\/imprimeideas.es\/en\/wp-json\/wp\/v2\/product\/37732","targetHints":{"allow":["GET"]}}],"collection":[{"href":"https:\/\/imprimeideas.es\/en\/wp-json\/wp\/v2\/product"}],"about":[{"href":"https:\/\/imprimeideas.es\/en\/wp-json\/wp\/v2\/types\/product"}],"replies":[{"embeddable":true,"href":"https:\/\/imprimeideas.es\/en\/wp-json\/wp\/v2\/comments?post=37732"}],"version-history":[{"count":1,"href":"https:\/\/imprimeideas.es\/en\/wp-json\/wp\/v2\/product\/37732\/revisions"}],"predecessor-version":[{"id":60374,"href":"https:\/\/imprimeideas.es\/en\/wp-json\/wp\/v2\/product\/37732\/revisions\/60374"}],"wp:featuredmedia":[{"embeddable":true,"href":"https:\/\/imprimeideas.es\/en\/wp-json\/wp\/v2\/media\/82410"}],"wp:attachment":[{"href":"https:\/\/imprimeideas.es\/en\/wp-json\/wp\/v2\/media?parent=37732"}],"wp:term":[{"taxonomy":"product_brand","embeddable":true,"href":"https:\/\/imprimeideas.es\/en\/wp-json\/wp\/v2\/product_brand?post=37732"},{"taxonomy":"product_cat","embeddable":true,"href":"https:\/\/imprimeideas.es\/en\/wp-json\/wp\/v2\/product_cat?post=37732"},{"taxonomy":"product_tag","embeddable":true,"href":"https:\/\/imprimeideas.es\/en\/wp-json\/wp\/v2\/product_tag?post=37732"}],"curies":[{"name":"wp","href":"https:\/\/api.w.org\/{rel}","templated":true}]}}