{"id":37730,"date":"2026-02-24T11:14:28","date_gmt":"2026-02-24T10:14:28","guid":{"rendered":"https:\/\/imprimeideas.es\/?post_type=product&p=37730"},"modified":"2026-02-26T18:45:07","modified_gmt":"2026-02-26T17:45:07","slug":"cargador-dumiax","status":"publish","type":"product","link":"https:\/\/imprimeideas.es\/en\/product\/cargador-dumiax\/","title":{"rendered":"Cargador Dumiax"},"content":{"rendered":"<p>Cargador inal\u00e1mbrico de l\u00ednea nature. Carcasa en bamb\u00fa procedente de cortes naturales. con salida USB dual de 2.100 mA de capacidad para carga simult\u00e1nea de hasta 3 dispositivos (1 por carga inal\u00e1mbrica y 2 por cable). Con base antideslizante y compatible con dispositivos equipados con tecnolog\u00eda de carga inal\u00e1mbrica. Presentado en atractiva caja de dise\u00f1o eco.<\/p>","protected":false},"excerpt":{"rendered":"<p>Inal\u00e1mbrico 10W. 2 Salidas USB<\/p>","protected":false},"featured_media":71825,"comment_status":"open","ping_status":"open","template":"","meta":{"inline_featured_image":false},"product_brand":[],"product_cat":[122,95],"product_tag":[],"class_list":{"0":"post-37730","1":"product","2":"type-product","3":"status-publish","4":"has-post-thumbnail","6":"product_cat-articulos-sostenibles","7":"product_cat-tecnologia-y-accesorios","9":"first","10":"instock","11":"taxable","12":"shipping-taxable","13":"purchasable","14":"product-type-variable","15":"has-default-attributes"},"aioseo_notices":[],"_links":{"self":[{"href":"https:\/\/imprimeideas.es\/en\/wp-json\/wp\/v2\/product\/37730","targetHints":{"allow":["GET"]}}],"collection":[{"href":"https:\/\/imprimeideas.es\/en\/wp-json\/wp\/v2\/product"}],"about":[{"href":"https:\/\/imprimeideas.es\/en\/wp-json\/wp\/v2\/types\/product"}],"replies":[{"embeddable":true,"href":"https:\/\/imprimeideas.es\/en\/wp-json\/wp\/v2\/comments?post=37730"}],"version-history":[{"count":1,"href":"https:\/\/imprimeideas.es\/en\/wp-json\/wp\/v2\/product\/37730\/revisions"}],"predecessor-version":[{"id":60373,"href":"https:\/\/imprimeideas.es\/en\/wp-json\/wp\/v2\/product\/37730\/revisions\/60373"}],"wp:featuredmedia":[{"embeddable":true,"href":"https:\/\/imprimeideas.es\/en\/wp-json\/wp\/v2\/media\/71825"}],"wp:attachment":[{"href":"https:\/\/imprimeideas.es\/en\/wp-json\/wp\/v2\/media?parent=37730"}],"wp:term":[{"taxonomy":"product_brand","embeddable":true,"href":"https:\/\/imprimeideas.es\/en\/wp-json\/wp\/v2\/product_brand?post=37730"},{"taxonomy":"product_cat","embeddable":true,"href":"https:\/\/imprimeideas.es\/en\/wp-json\/wp\/v2\/product_cat?post=37730"},{"taxonomy":"product_tag","embeddable":true,"href":"https:\/\/imprimeideas.es\/en\/wp-json\/wp\/v2\/product_tag?post=37730"}],"curies":[{"name":"wp","href":"https:\/\/api.w.org\/{rel}","templated":true}]}}