{"id":37707,"date":"2026-02-24T11:14:26","date_gmt":"2026-02-24T10:14:26","guid":{"rendered":"https:\/\/imprimeideas.es\/?post_type=product&p=37707"},"modified":"2026-02-26T18:28:10","modified_gmt":"2026-02-26T17:28:10","slug":"bidon-anukin","status":"publish","type":"product","link":"https:\/\/imprimeideas.es\/en\/product\/bidon-anukin\/","title":{"rendered":"Bid\u00f3n Anukin"},"content":{"rendered":"<p>Bid\u00f3n de inspiraci\u00f3n nature en alta calidad y de gran capacidad -770 ml-. En acero inox, con tap\u00f3n de dise\u00f1o inspirado en el corcho. Disponible en elegantes colores blanco y negro y presentado en atractiva caja de dise\u00f1o eco. Disponible manual de instrucciones en espa\u00f1ol e ingl\u00e9s.<\/p>","protected":false},"excerpt":{"rendered":"<p>770 ml<\/p>","protected":false},"featured_media":85894,"comment_status":"open","ping_status":"open","template":"","meta":{"inline_featured_image":false},"product_brand":[],"product_cat":[97],"product_tag":[],"class_list":{"0":"post-37707","1":"product","2":"type-product","3":"status-publish","4":"has-post-thumbnail","6":"product_cat-tazas-jarras-y-termos","8":"first","9":"instock","10":"taxable","11":"shipping-taxable","12":"purchasable","13":"product-type-variable","14":"has-default-attributes"},"aioseo_notices":[],"_links":{"self":[{"href":"https:\/\/imprimeideas.es\/en\/wp-json\/wp\/v2\/product\/37707","targetHints":{"allow":["GET"]}}],"collection":[{"href":"https:\/\/imprimeideas.es\/en\/wp-json\/wp\/v2\/product"}],"about":[{"href":"https:\/\/imprimeideas.es\/en\/wp-json\/wp\/v2\/types\/product"}],"replies":[{"embeddable":true,"href":"https:\/\/imprimeideas.es\/en\/wp-json\/wp\/v2\/comments?post=37707"}],"version-history":[{"count":1,"href":"https:\/\/imprimeideas.es\/en\/wp-json\/wp\/v2\/product\/37707\/revisions"}],"predecessor-version":[{"id":60363,"href":"https:\/\/imprimeideas.es\/en\/wp-json\/wp\/v2\/product\/37707\/revisions\/60363"}],"wp:featuredmedia":[{"embeddable":true,"href":"https:\/\/imprimeideas.es\/en\/wp-json\/wp\/v2\/media\/85894"}],"wp:attachment":[{"href":"https:\/\/imprimeideas.es\/en\/wp-json\/wp\/v2\/media?parent=37707"}],"wp:term":[{"taxonomy":"product_brand","embeddable":true,"href":"https:\/\/imprimeideas.es\/en\/wp-json\/wp\/v2\/product_brand?post=37707"},{"taxonomy":"product_cat","embeddable":true,"href":"https:\/\/imprimeideas.es\/en\/wp-json\/wp\/v2\/product_cat?post=37707"},{"taxonomy":"product_tag","embeddable":true,"href":"https:\/\/imprimeideas.es\/en\/wp-json\/wp\/v2\/product_tag?post=37707"}],"curies":[{"name":"wp","href":"https:\/\/api.w.org\/{rel}","templated":true}]}}