{"id":37705,"date":"2026-02-24T11:14:26","date_gmt":"2026-02-24T10:14:26","guid":{"rendered":"https:\/\/imprimeideas.es\/?post_type=product&p=37705"},"modified":"2026-02-26T18:19:28","modified_gmt":"2026-02-26T17:19:28","slug":"altavoz-kevil","status":"publish","type":"product","link":"https:\/\/imprimeideas.es\/en\/product\/altavoz-kevil\/","title":{"rendered":"Altavoz Kevil"},"content":{"rendered":"<p>Altavoz de l\u00ednea nature, con tecnolog\u00eda Led Inteligente y conexi\u00f3n Bluetooth 5.0. Hecho en bamb\u00fa procedente de cortes naturales. 3W de potencia, con dos posiciones de luz multicolor y recargable mediante cable USB -incluido-. Presentado en atractiva caja de dise\u00f1o eco.<\/p>","protected":false},"excerpt":{"rendered":"<p>Ledes Inteligentes Multicolor. 2 Posiciones de Luz. Conexi\u00f3n Bluetooth. Potencia Sonido 3W. Bater\u00eda 300 mAh<\/p>","protected":false},"featured_media":66917,"comment_status":"open","ping_status":"open","template":"","meta":{"inline_featured_image":false},"product_brand":[],"product_cat":[122,95],"product_tag":[],"class_list":{"0":"post-37705","1":"product","2":"type-product","3":"status-publish","4":"has-post-thumbnail","6":"product_cat-articulos-sostenibles","7":"product_cat-tecnologia-y-accesorios","9":"first","10":"instock","11":"taxable","12":"shipping-taxable","13":"purchasable","14":"product-type-variable","15":"has-default-attributes"},"aioseo_notices":[],"_links":{"self":[{"href":"https:\/\/imprimeideas.es\/en\/wp-json\/wp\/v2\/product\/37705","targetHints":{"allow":["GET"]}}],"collection":[{"href":"https:\/\/imprimeideas.es\/en\/wp-json\/wp\/v2\/product"}],"about":[{"href":"https:\/\/imprimeideas.es\/en\/wp-json\/wp\/v2\/types\/product"}],"replies":[{"embeddable":true,"href":"https:\/\/imprimeideas.es\/en\/wp-json\/wp\/v2\/comments?post=37705"}],"version-history":[{"count":1,"href":"https:\/\/imprimeideas.es\/en\/wp-json\/wp\/v2\/product\/37705\/revisions"}],"predecessor-version":[{"id":60362,"href":"https:\/\/imprimeideas.es\/en\/wp-json\/wp\/v2\/product\/37705\/revisions\/60362"}],"wp:featuredmedia":[{"embeddable":true,"href":"https:\/\/imprimeideas.es\/en\/wp-json\/wp\/v2\/media\/66917"}],"wp:attachment":[{"href":"https:\/\/imprimeideas.es\/en\/wp-json\/wp\/v2\/media?parent=37705"}],"wp:term":[{"taxonomy":"product_brand","embeddable":true,"href":"https:\/\/imprimeideas.es\/en\/wp-json\/wp\/v2\/product_brand?post=37705"},{"taxonomy":"product_cat","embeddable":true,"href":"https:\/\/imprimeideas.es\/en\/wp-json\/wp\/v2\/product_cat?post=37705"},{"taxonomy":"product_tag","embeddable":true,"href":"https:\/\/imprimeideas.es\/en\/wp-json\/wp\/v2\/product_tag?post=37705"}],"curies":[{"name":"wp","href":"https:\/\/api.w.org\/{rel}","templated":true}]}}