{"id":37703,"date":"2026-02-24T11:14:26","date_gmt":"2026-02-24T10:14:26","guid":{"rendered":"https:\/\/imprimeideas.es\/?post_type=product&p=37703"},"modified":"2026-02-26T18:23:23","modified_gmt":"2026-02-26T17:23:23","slug":"power-bank-kalery","status":"publish","type":"product","link":"https:\/\/imprimeideas.es\/en\/product\/power-bank-kalery\/","title":{"rendered":"Power Bank Kalery"},"content":{"rendered":"<p>Bater\u00eda auxiliar externa de l\u00ednea nature con cargador inal\u00e1mbrico integrado. Carcasa en bamb\u00fa procedente de cortes naturales. 6.000 mAh de capacidad de carga e indicador de estado de carga. Salida USB doble y entradas Tipo C y Micro USB -cable incluido-. Capacidad de carga de hasta 3 dispositivos simult\u00e1neamente. Compatible con dispositivos equipados con tecnolog\u00eda de carga inal\u00e1mbrica. Amplia superficie de marcaje y presentado en atractiva caja de dise\u00f1o eco. Las capacidades mostradas en todas nuestras bater\u00edas auxiliares externas son reales, incorporando todas ellas bater\u00edas de grado A y no recicladas, con una vida \u00fatil de al menos 500 ciclos de carga y seg\u00fan normativa CE. Adem\u00e1s, est\u00e1n fabricadas conforme a los est\u00e1ndares RoHS y en cumplimiento con los siguientes requisitos de seguridad: Sistema de protecci\u00f3n contra sobrecarga del power bank. Sistema de protecci\u00f3n contra descarga completa que proporciona una mayor durabilidad del power bank. Sistema de bloqueo para evitar cortocircuitos. Sistema de transferencia de carga constante, acorde con la capacidad del dispositivo de destino.<\/p>","protected":false},"excerpt":{"rendered":"<p>Inal\u00e1mbrico 5W. 6000 mAh. 2 Salidas USB. Salida y Entrada Tipo C<\/p>","protected":false},"featured_media":83137,"comment_status":"open","ping_status":"open","template":"","meta":{"inline_featured_image":false},"product_brand":[],"product_cat":[122,95],"product_tag":[],"class_list":{"0":"post-37703","1":"product","2":"type-product","3":"status-publish","4":"has-post-thumbnail","6":"product_cat-articulos-sostenibles","7":"product_cat-tecnologia-y-accesorios","9":"first","10":"instock","11":"taxable","12":"shipping-taxable","13":"purchasable","14":"product-type-variable","15":"has-default-attributes"},"aioseo_notices":[],"_links":{"self":[{"href":"https:\/\/imprimeideas.es\/en\/wp-json\/wp\/v2\/product\/37703","targetHints":{"allow":["GET"]}}],"collection":[{"href":"https:\/\/imprimeideas.es\/en\/wp-json\/wp\/v2\/product"}],"about":[{"href":"https:\/\/imprimeideas.es\/en\/wp-json\/wp\/v2\/types\/product"}],"replies":[{"embeddable":true,"href":"https:\/\/imprimeideas.es\/en\/wp-json\/wp\/v2\/comments?post=37703"}],"version-history":[{"count":1,"href":"https:\/\/imprimeideas.es\/en\/wp-json\/wp\/v2\/product\/37703\/revisions"}],"predecessor-version":[{"id":60361,"href":"https:\/\/imprimeideas.es\/en\/wp-json\/wp\/v2\/product\/37703\/revisions\/60361"}],"wp:featuredmedia":[{"embeddable":true,"href":"https:\/\/imprimeideas.es\/en\/wp-json\/wp\/v2\/media\/83137"}],"wp:attachment":[{"href":"https:\/\/imprimeideas.es\/en\/wp-json\/wp\/v2\/media?parent=37703"}],"wp:term":[{"taxonomy":"product_brand","embeddable":true,"href":"https:\/\/imprimeideas.es\/en\/wp-json\/wp\/v2\/product_brand?post=37703"},{"taxonomy":"product_cat","embeddable":true,"href":"https:\/\/imprimeideas.es\/en\/wp-json\/wp\/v2\/product_cat?post=37703"},{"taxonomy":"product_tag","embeddable":true,"href":"https:\/\/imprimeideas.es\/en\/wp-json\/wp\/v2\/product_tag?post=37703"}],"curies":[{"name":"wp","href":"https:\/\/api.w.org\/{rel}","templated":true}]}}