{"id":37695,"date":"2026-02-24T11:14:25","date_gmt":"2026-02-24T10:14:25","guid":{"rendered":"https:\/\/imprimeideas.es\/?post_type=product&p=37695"},"modified":"2026-02-26T18:23:25","modified_gmt":"2026-02-26T17:23:25","slug":"cargador-lumbert","status":"publish","type":"product","link":"https:\/\/imprimeideas.es\/en\/product\/cargador-lumbert\/","title":{"rendered":"Cargador Lumbert"},"content":{"rendered":"<p>Cargador inal\u00e1mbrico circular, con funci\u00f3n carga r\u00e1pida de 10W. Base antideslizante e indicador LED de estado de carga. Cable micro USB incluido y compatible con smartphones con tecnolog\u00eda de carga inal\u00e1mbrica. Presentado en atractiva caja de dise\u00f1o.<\/p>","protected":false},"excerpt":{"rendered":"<p>Inal\u00e1mbrico 10W<\/p>","protected":false},"featured_media":81796,"comment_status":"open","ping_status":"open","template":"","meta":{"inline_featured_image":false},"product_brand":[],"product_cat":[95],"product_tag":[],"class_list":{"0":"post-37695","1":"product","2":"type-product","3":"status-publish","4":"has-post-thumbnail","6":"product_cat-tecnologia-y-accesorios","8":"first","9":"instock","10":"taxable","11":"shipping-taxable","12":"purchasable","13":"product-type-variable","14":"has-default-attributes"},"aioseo_notices":[],"_links":{"self":[{"href":"https:\/\/imprimeideas.es\/en\/wp-json\/wp\/v2\/product\/37695","targetHints":{"allow":["GET"]}}],"collection":[{"href":"https:\/\/imprimeideas.es\/en\/wp-json\/wp\/v2\/product"}],"about":[{"href":"https:\/\/imprimeideas.es\/en\/wp-json\/wp\/v2\/types\/product"}],"replies":[{"embeddable":true,"href":"https:\/\/imprimeideas.es\/en\/wp-json\/wp\/v2\/comments?post=37695"}],"version-history":[{"count":1,"href":"https:\/\/imprimeideas.es\/en\/wp-json\/wp\/v2\/product\/37695\/revisions"}],"predecessor-version":[{"id":60357,"href":"https:\/\/imprimeideas.es\/en\/wp-json\/wp\/v2\/product\/37695\/revisions\/60357"}],"wp:featuredmedia":[{"embeddable":true,"href":"https:\/\/imprimeideas.es\/en\/wp-json\/wp\/v2\/media\/81796"}],"wp:attachment":[{"href":"https:\/\/imprimeideas.es\/en\/wp-json\/wp\/v2\/media?parent=37695"}],"wp:term":[{"taxonomy":"product_brand","embeddable":true,"href":"https:\/\/imprimeideas.es\/en\/wp-json\/wp\/v2\/product_brand?post=37695"},{"taxonomy":"product_cat","embeddable":true,"href":"https:\/\/imprimeideas.es\/en\/wp-json\/wp\/v2\/product_cat?post=37695"},{"taxonomy":"product_tag","embeddable":true,"href":"https:\/\/imprimeideas.es\/en\/wp-json\/wp\/v2\/product_tag?post=37695"}],"curies":[{"name":"wp","href":"https:\/\/api.w.org\/{rel}","templated":true}]}}