{"id":37690,"date":"2026-02-24T11:14:25","date_gmt":"2026-02-24T10:14:25","guid":{"rendered":"https:\/\/imprimeideas.es\/?post_type=product&p=37690"},"modified":"2026-02-26T18:32:52","modified_gmt":"2026-02-26T17:32:52","slug":"humidificador-festok","status":"publish","type":"product","link":"https:\/\/imprimeideas.es\/en\/product\/humidificador-festok\/","title":{"rendered":"Humidificador Festok"},"content":{"rendered":"<p>Elegante y decorativo humidificador de l\u00ednea nature con difusor arom\u00e1tico integrado. Con con luz led de 2 posiciones e iluminaci\u00f3n multicolor y vaporizaci\u00f3n continua. Dep\u00f3sito de 130 ml, para uso en estancias de hasta 25m2, y cable de corriente USB. Presentado en atractiva caja de dise\u00f1o eco.<\/p>","protected":false},"excerpt":{"rendered":"<p>Luces Led Multicolor. 130 ml. 1 Posici\u00f3n de Vapor. Conexi\u00f3n USB<\/p>","protected":false},"featured_media":81249,"comment_status":"open","ping_status":"open","template":"","meta":{"inline_featured_image":false},"product_brand":[],"product_cat":[104,95],"product_tag":[],"class_list":{"0":"post-37690","1":"product","2":"type-product","3":"status-publish","4":"has-post-thumbnail","6":"product_cat-hogar-y-decoracion","7":"product_cat-tecnologia-y-accesorios","9":"first","10":"outofstock","11":"taxable","12":"shipping-taxable","13":"purchasable","14":"product-type-variable","15":"has-default-attributes"},"aioseo_notices":[],"_links":{"self":[{"href":"https:\/\/imprimeideas.es\/en\/wp-json\/wp\/v2\/product\/37690","targetHints":{"allow":["GET"]}}],"collection":[{"href":"https:\/\/imprimeideas.es\/en\/wp-json\/wp\/v2\/product"}],"about":[{"href":"https:\/\/imprimeideas.es\/en\/wp-json\/wp\/v2\/types\/product"}],"replies":[{"embeddable":true,"href":"https:\/\/imprimeideas.es\/en\/wp-json\/wp\/v2\/comments?post=37690"}],"version-history":[{"count":1,"href":"https:\/\/imprimeideas.es\/en\/wp-json\/wp\/v2\/product\/37690\/revisions"}],"predecessor-version":[{"id":60355,"href":"https:\/\/imprimeideas.es\/en\/wp-json\/wp\/v2\/product\/37690\/revisions\/60355"}],"wp:featuredmedia":[{"embeddable":true,"href":"https:\/\/imprimeideas.es\/en\/wp-json\/wp\/v2\/media\/81249"}],"wp:attachment":[{"href":"https:\/\/imprimeideas.es\/en\/wp-json\/wp\/v2\/media?parent=37690"}],"wp:term":[{"taxonomy":"product_brand","embeddable":true,"href":"https:\/\/imprimeideas.es\/en\/wp-json\/wp\/v2\/product_brand?post=37690"},{"taxonomy":"product_cat","embeddable":true,"href":"https:\/\/imprimeideas.es\/en\/wp-json\/wp\/v2\/product_cat?post=37690"},{"taxonomy":"product_tag","embeddable":true,"href":"https:\/\/imprimeideas.es\/en\/wp-json\/wp\/v2\/product_tag?post=37690"}],"curies":[{"name":"wp","href":"https:\/\/api.w.org\/{rel}","templated":true}]}}