{"id":37688,"date":"2026-02-24T11:14:25","date_gmt":"2026-02-24T10:14:25","guid":{"rendered":"https:\/\/imprimeideas.es\/?post_type=product&p=37688"},"modified":"2026-02-26T18:08:06","modified_gmt":"2026-02-26T17:08:06","slug":"bascula-hinfex","status":"publish","type":"product","link":"https:\/\/imprimeideas.es\/en\/product\/bascula-hinfex\/","title":{"rendered":"B\u00e1scula Hinfex"},"content":{"rendered":"<p>B\u00e1scula de cocina de l\u00ednea nature en bamb\u00fa pulido. Display digital, con funciones de apagado autom\u00e1tico, tara y selecci\u00f3n de unidad de pesaje. Alimentaci\u00f3n a pilas (de bot\u00f3n incluidas) y peso m\u00e1ximo 5kg. Presentada en atractiva caja de dise\u00f1o eco.<\/p>","protected":false},"excerpt":{"rendered":"<p>Pila Bot\u00f3n Incluida<\/p>","protected":false},"featured_media":70435,"comment_status":"open","ping_status":"open","template":"","meta":{"inline_featured_image":false},"product_brand":[],"product_cat":[122,104],"product_tag":[],"class_list":{"0":"post-37688","1":"product","2":"type-product","3":"status-publish","4":"has-post-thumbnail","6":"product_cat-articulos-sostenibles","7":"product_cat-hogar-y-decoracion","9":"first","10":"instock","11":"taxable","12":"shipping-taxable","13":"purchasable","14":"product-type-variable","15":"has-default-attributes"},"aioseo_notices":[],"_links":{"self":[{"href":"https:\/\/imprimeideas.es\/en\/wp-json\/wp\/v2\/product\/37688","targetHints":{"allow":["GET"]}}],"collection":[{"href":"https:\/\/imprimeideas.es\/en\/wp-json\/wp\/v2\/product"}],"about":[{"href":"https:\/\/imprimeideas.es\/en\/wp-json\/wp\/v2\/types\/product"}],"replies":[{"embeddable":true,"href":"https:\/\/imprimeideas.es\/en\/wp-json\/wp\/v2\/comments?post=37688"}],"version-history":[{"count":1,"href":"https:\/\/imprimeideas.es\/en\/wp-json\/wp\/v2\/product\/37688\/revisions"}],"predecessor-version":[{"id":60354,"href":"https:\/\/imprimeideas.es\/en\/wp-json\/wp\/v2\/product\/37688\/revisions\/60354"}],"wp:featuredmedia":[{"embeddable":true,"href":"https:\/\/imprimeideas.es\/en\/wp-json\/wp\/v2\/media\/70435"}],"wp:attachment":[{"href":"https:\/\/imprimeideas.es\/en\/wp-json\/wp\/v2\/media?parent=37688"}],"wp:term":[{"taxonomy":"product_brand","embeddable":true,"href":"https:\/\/imprimeideas.es\/en\/wp-json\/wp\/v2\/product_brand?post=37688"},{"taxonomy":"product_cat","embeddable":true,"href":"https:\/\/imprimeideas.es\/en\/wp-json\/wp\/v2\/product_cat?post=37688"},{"taxonomy":"product_tag","embeddable":true,"href":"https:\/\/imprimeideas.es\/en\/wp-json\/wp\/v2\/product_tag?post=37688"}],"curies":[{"name":"wp","href":"https:\/\/api.w.org\/{rel}","templated":true}]}}