{"id":37679,"date":"2026-02-24T11:14:24","date_gmt":"2026-02-24T10:14:24","guid":{"rendered":"https:\/\/imprimeideas.es\/?post_type=product&p=37679"},"modified":"2026-02-26T18:37:37","modified_gmt":"2026-02-26T17:37:37","slug":"auriculares-protex","status":"publish","type":"product","link":"https:\/\/imprimeideas.es\/en\/product\/auriculares-protex\/","title":{"rendered":"Auriculares Protex"},"content":{"rendered":"<p>Auriculares intraurales en elegante acabado blanco y conexi\u00f3n Bluetooth 5.0. De dise\u00f1o ergon\u00f3mico, incluyen bot\u00f3n de control t\u00e1ctil integrado en el auricular, con base de carga a juego. Funci\u00f3n manos libres y recargables, con cable micro USB incluido. Presentados en estuche individual de lujo con tapa de bisagra y en atractiva caja de dise\u00f1o.<\/p>","protected":false},"excerpt":{"rendered":"<p>Conexi\u00f3n Bluetooth. Bater\u00eda 35 mAh\/ Base Carga 400 mAh<\/p>","protected":false},"featured_media":73579,"comment_status":"open","ping_status":"open","template":"","meta":{"inline_featured_image":false},"product_brand":[],"product_cat":[95],"product_tag":[],"class_list":{"0":"post-37679","1":"product","2":"type-product","3":"status-publish","4":"has-post-thumbnail","6":"product_cat-tecnologia-y-accesorios","8":"first","9":"outofstock","10":"taxable","11":"shipping-taxable","12":"purchasable","13":"product-type-variable","14":"has-default-attributes"},"aioseo_notices":[],"_links":{"self":[{"href":"https:\/\/imprimeideas.es\/en\/wp-json\/wp\/v2\/product\/37679","targetHints":{"allow":["GET"]}}],"collection":[{"href":"https:\/\/imprimeideas.es\/en\/wp-json\/wp\/v2\/product"}],"about":[{"href":"https:\/\/imprimeideas.es\/en\/wp-json\/wp\/v2\/types\/product"}],"replies":[{"embeddable":true,"href":"https:\/\/imprimeideas.es\/en\/wp-json\/wp\/v2\/comments?post=37679"}],"version-history":[{"count":1,"href":"https:\/\/imprimeideas.es\/en\/wp-json\/wp\/v2\/product\/37679\/revisions"}],"predecessor-version":[{"id":60352,"href":"https:\/\/imprimeideas.es\/en\/wp-json\/wp\/v2\/product\/37679\/revisions\/60352"}],"wp:featuredmedia":[{"embeddable":true,"href":"https:\/\/imprimeideas.es\/en\/wp-json\/wp\/v2\/media\/73579"}],"wp:attachment":[{"href":"https:\/\/imprimeideas.es\/en\/wp-json\/wp\/v2\/media?parent=37679"}],"wp:term":[{"taxonomy":"product_brand","embeddable":true,"href":"https:\/\/imprimeideas.es\/en\/wp-json\/wp\/v2\/product_brand?post=37679"},{"taxonomy":"product_cat","embeddable":true,"href":"https:\/\/imprimeideas.es\/en\/wp-json\/wp\/v2\/product_cat?post=37679"},{"taxonomy":"product_tag","embeddable":true,"href":"https:\/\/imprimeideas.es\/en\/wp-json\/wp\/v2\/product_tag?post=37679"}],"curies":[{"name":"wp","href":"https:\/\/api.w.org\/{rel}","templated":true}]}}