{"id":37675,"date":"2026-02-24T11:14:23","date_gmt":"2026-02-24T10:14:23","guid":{"rendered":"https:\/\/imprimeideas.es\/?post_type=product&p=37675"},"modified":"2026-02-26T18:19:10","modified_gmt":"2026-02-26T17:19:10","slug":"altavoz-yois","status":"publish","type":"product","link":"https:\/\/imprimeideas.es\/en\/product\/altavoz-yois\/","title":{"rendered":"Altavoz Yois"},"content":{"rendered":"<p>Compacto altavoz l\u00e1mpara en original dise\u00f1o relax, con base de madera. Conexi\u00f3n Bluetooth 5.0, con 3W de potencia y 2 relajantes posiciones de luz, con intensidad ajustable. Compatible con iOS y Android, incluye cable de carga USB y viene presentado en atractiva caja de dise\u00f1o.<\/p>","protected":false},"excerpt":{"rendered":"<p>Luces Led. 2 Posiciones de Luz. Intensidad de Luz Regulable. Conexi\u00f3n Bluetooth. Potencia Sonido 3W. Bater\u00eda 1200 mAh<\/p>","protected":false},"featured_media":71008,"comment_status":"open","ping_status":"open","template":"","meta":{"inline_featured_image":false},"product_brand":[],"product_cat":[95],"product_tag":[],"class_list":{"0":"post-37675","1":"product","2":"type-product","3":"status-publish","4":"has-post-thumbnail","6":"product_cat-tecnologia-y-accesorios","8":"first","9":"outofstock","10":"taxable","11":"shipping-taxable","12":"purchasable","13":"product-type-variable","14":"has-default-attributes"},"aioseo_notices":[],"_links":{"self":[{"href":"https:\/\/imprimeideas.es\/en\/wp-json\/wp\/v2\/product\/37675","targetHints":{"allow":["GET"]}}],"collection":[{"href":"https:\/\/imprimeideas.es\/en\/wp-json\/wp\/v2\/product"}],"about":[{"href":"https:\/\/imprimeideas.es\/en\/wp-json\/wp\/v2\/types\/product"}],"replies":[{"embeddable":true,"href":"https:\/\/imprimeideas.es\/en\/wp-json\/wp\/v2\/comments?post=37675"}],"version-history":[{"count":1,"href":"https:\/\/imprimeideas.es\/en\/wp-json\/wp\/v2\/product\/37675\/revisions"}],"predecessor-version":[{"id":60350,"href":"https:\/\/imprimeideas.es\/en\/wp-json\/wp\/v2\/product\/37675\/revisions\/60350"}],"wp:featuredmedia":[{"embeddable":true,"href":"https:\/\/imprimeideas.es\/en\/wp-json\/wp\/v2\/media\/71008"}],"wp:attachment":[{"href":"https:\/\/imprimeideas.es\/en\/wp-json\/wp\/v2\/media?parent=37675"}],"wp:term":[{"taxonomy":"product_brand","embeddable":true,"href":"https:\/\/imprimeideas.es\/en\/wp-json\/wp\/v2\/product_brand?post=37675"},{"taxonomy":"product_cat","embeddable":true,"href":"https:\/\/imprimeideas.es\/en\/wp-json\/wp\/v2\/product_cat?post=37675"},{"taxonomy":"product_tag","embeddable":true,"href":"https:\/\/imprimeideas.es\/en\/wp-json\/wp\/v2\/product_tag?post=37675"}],"curies":[{"name":"wp","href":"https:\/\/api.w.org\/{rel}","templated":true}]}}