{"id":37673,"date":"2026-02-24T11:14:23","date_gmt":"2026-02-24T10:14:23","guid":{"rendered":"https:\/\/imprimeideas.es\/?post_type=product&p=37673"},"modified":"2026-02-26T01:58:13","modified_gmt":"2026-02-26T00:58:13","slug":"altavoz-wanap","status":"publish","type":"product","link":"https:\/\/imprimeideas.es\/en\/product\/altavoz-wanap\/","title":{"rendered":"Altavoz Wanap"},"content":{"rendered":"<p>Altavoz de original dise\u00f1o seta con funci\u00f3n soporte para m\u00f3vil. Conectividad Bluetooth 5.0, con 3W de potencia y funci\u00f3n manos libres. Cuerpo con suave acabado de tacto goma y ventosa de fijaci\u00f3n para funci\u00f3n soporte. Cable micro USB incluido y presentado en atractiva caja de dise\u00f1o.<\/p>","protected":false},"excerpt":{"rendered":"<p>Conexi\u00f3n Bluetooth. Potencia Sonido 3W. Bater\u00eda 200 mAh<\/p>","protected":false},"featured_media":77248,"comment_status":"open","ping_status":"open","template":"","meta":{"inline_featured_image":false},"product_brand":[],"product_cat":[95],"product_tag":[],"class_list":{"0":"post-37673","1":"product","2":"type-product","3":"status-publish","4":"has-post-thumbnail","6":"product_cat-tecnologia-y-accesorios","8":"first","9":"outofstock","10":"taxable","11":"shipping-taxable","12":"purchasable","13":"product-type-variable","14":"has-default-attributes"},"aioseo_notices":[],"_links":{"self":[{"href":"https:\/\/imprimeideas.es\/en\/wp-json\/wp\/v2\/product\/37673","targetHints":{"allow":["GET"]}}],"collection":[{"href":"https:\/\/imprimeideas.es\/en\/wp-json\/wp\/v2\/product"}],"about":[{"href":"https:\/\/imprimeideas.es\/en\/wp-json\/wp\/v2\/types\/product"}],"replies":[{"embeddable":true,"href":"https:\/\/imprimeideas.es\/en\/wp-json\/wp\/v2\/comments?post=37673"}],"version-history":[{"count":1,"href":"https:\/\/imprimeideas.es\/en\/wp-json\/wp\/v2\/product\/37673\/revisions"}],"predecessor-version":[{"id":60349,"href":"https:\/\/imprimeideas.es\/en\/wp-json\/wp\/v2\/product\/37673\/revisions\/60349"}],"wp:featuredmedia":[{"embeddable":true,"href":"https:\/\/imprimeideas.es\/en\/wp-json\/wp\/v2\/media\/77248"}],"wp:attachment":[{"href":"https:\/\/imprimeideas.es\/en\/wp-json\/wp\/v2\/media?parent=37673"}],"wp:term":[{"taxonomy":"product_brand","embeddable":true,"href":"https:\/\/imprimeideas.es\/en\/wp-json\/wp\/v2\/product_brand?post=37673"},{"taxonomy":"product_cat","embeddable":true,"href":"https:\/\/imprimeideas.es\/en\/wp-json\/wp\/v2\/product_cat?post=37673"},{"taxonomy":"product_tag","embeddable":true,"href":"https:\/\/imprimeideas.es\/en\/wp-json\/wp\/v2\/product_tag?post=37673"}],"curies":[{"name":"wp","href":"https:\/\/api.w.org\/{rel}","templated":true}]}}