{"id":37669,"date":"2026-02-24T11:14:23","date_gmt":"2026-02-24T10:14:23","guid":{"rendered":"https:\/\/imprimeideas.es\/?post_type=product&p=37669"},"modified":"2026-02-26T18:45:07","modified_gmt":"2026-02-26T17:45:07","slug":"peine-wofel","status":"publish","type":"product","link":"https:\/\/imprimeideas.es\/en\/product\/peine-wofel\/","title":{"rendered":"Peine Wofel"},"content":{"rendered":"<p>Peine de l\u00ednea nature en ca\u00f1a de trigo, para as\u00ed fomentar la utilizaci\u00f3n de materias primas naturales y reducir las emisiones contaminantes. Con amplia superficie de marcaje en mango.<\/p>","protected":false},"excerpt":{"rendered":"<p>Peine de l\u00ednea nature en ca\u00f1a de trigo, para as\u00ed fomentar la utilizaci\u00f3n de materias primas naturales y reducir las<\/p>","protected":false},"featured_media":86145,"comment_status":"open","ping_status":"open","template":"","meta":{"inline_featured_image":false},"product_brand":[],"product_cat":[122,107,119,105],"product_tag":[],"class_list":{"0":"post-37669","1":"product","2":"type-product","3":"status-publish","4":"has-post-thumbnail","6":"product_cat-articulos-sostenibles","7":"product_cat-cuidado-personal-y-pharma","8":"product_cat-mujer","9":"product_cat-vino-accesorios-de-bebida-y-hosteleria","11":"first","12":"instock","13":"taxable","14":"shipping-taxable","15":"purchasable","16":"product-type-variable","17":"has-default-attributes"},"aioseo_notices":[],"_links":{"self":[{"href":"https:\/\/imprimeideas.es\/en\/wp-json\/wp\/v2\/product\/37669","targetHints":{"allow":["GET"]}}],"collection":[{"href":"https:\/\/imprimeideas.es\/en\/wp-json\/wp\/v2\/product"}],"about":[{"href":"https:\/\/imprimeideas.es\/en\/wp-json\/wp\/v2\/types\/product"}],"replies":[{"embeddable":true,"href":"https:\/\/imprimeideas.es\/en\/wp-json\/wp\/v2\/comments?post=37669"}],"version-history":[{"count":1,"href":"https:\/\/imprimeideas.es\/en\/wp-json\/wp\/v2\/product\/37669\/revisions"}],"predecessor-version":[{"id":60347,"href":"https:\/\/imprimeideas.es\/en\/wp-json\/wp\/v2\/product\/37669\/revisions\/60347"}],"wp:featuredmedia":[{"embeddable":true,"href":"https:\/\/imprimeideas.es\/en\/wp-json\/wp\/v2\/media\/86145"}],"wp:attachment":[{"href":"https:\/\/imprimeideas.es\/en\/wp-json\/wp\/v2\/media?parent=37669"}],"wp:term":[{"taxonomy":"product_brand","embeddable":true,"href":"https:\/\/imprimeideas.es\/en\/wp-json\/wp\/v2\/product_brand?post=37669"},{"taxonomy":"product_cat","embeddable":true,"href":"https:\/\/imprimeideas.es\/en\/wp-json\/wp\/v2\/product_cat?post=37669"},{"taxonomy":"product_tag","embeddable":true,"href":"https:\/\/imprimeideas.es\/en\/wp-json\/wp\/v2\/product_tag?post=37669"}],"curies":[{"name":"wp","href":"https:\/\/api.w.org\/{rel}","templated":true}]}}