{"id":37661,"date":"2026-02-24T11:14:22","date_gmt":"2026-02-24T10:14:22","guid":{"rendered":"https:\/\/imprimeideas.es\/?post_type=product&p=37661"},"modified":"2026-02-26T18:42:24","modified_gmt":"2026-02-26T17:42:24","slug":"zapatillas-tarkun","status":"publish","type":"product","link":"https:\/\/imprimeideas.es\/en\/product\/zapatillas-tarkun\/","title":{"rendered":"Zapatillas Tarkun"},"content":{"rendered":"<p>Par de zapatillas unisex fabricadas en combinaci\u00f3n de algod\u00f3n y poli\u00e9ster. Confortable interior acolchado y pespuntes de refuerzo. Talla \u00fanica 36-43.<\/p>","protected":false},"excerpt":{"rendered":"<p>Antideslizantes. Talla \u00danica 36-43<\/p>","protected":false},"featured_media":85260,"comment_status":"open","ping_status":"open","template":"","meta":{"inline_featured_image":false},"product_brand":[],"product_cat":[105],"product_tag":[],"class_list":{"0":"post-37661","1":"product","2":"type-product","3":"status-publish","4":"has-post-thumbnail","6":"product_cat-vino-accesorios-de-bebida-y-hosteleria","8":"first","9":"instock","10":"taxable","11":"shipping-taxable","12":"purchasable","13":"product-type-variable","14":"has-default-attributes"},"aioseo_notices":[],"_links":{"self":[{"href":"https:\/\/imprimeideas.es\/en\/wp-json\/wp\/v2\/product\/37661","targetHints":{"allow":["GET"]}}],"collection":[{"href":"https:\/\/imprimeideas.es\/en\/wp-json\/wp\/v2\/product"}],"about":[{"href":"https:\/\/imprimeideas.es\/en\/wp-json\/wp\/v2\/types\/product"}],"replies":[{"embeddable":true,"href":"https:\/\/imprimeideas.es\/en\/wp-json\/wp\/v2\/comments?post=37661"}],"version-history":[{"count":1,"href":"https:\/\/imprimeideas.es\/en\/wp-json\/wp\/v2\/product\/37661\/revisions"}],"predecessor-version":[{"id":60345,"href":"https:\/\/imprimeideas.es\/en\/wp-json\/wp\/v2\/product\/37661\/revisions\/60345"}],"wp:featuredmedia":[{"embeddable":true,"href":"https:\/\/imprimeideas.es\/en\/wp-json\/wp\/v2\/media\/85260"}],"wp:attachment":[{"href":"https:\/\/imprimeideas.es\/en\/wp-json\/wp\/v2\/media?parent=37661"}],"wp:term":[{"taxonomy":"product_brand","embeddable":true,"href":"https:\/\/imprimeideas.es\/en\/wp-json\/wp\/v2\/product_brand?post=37661"},{"taxonomy":"product_cat","embeddable":true,"href":"https:\/\/imprimeideas.es\/en\/wp-json\/wp\/v2\/product_cat?post=37661"},{"taxonomy":"product_tag","embeddable":true,"href":"https:\/\/imprimeideas.es\/en\/wp-json\/wp\/v2\/product_tag?post=37661"}],"curies":[{"name":"wp","href":"https:\/\/api.w.org\/{rel}","templated":true}]}}