{"id":37625,"date":"2026-02-24T11:14:19","date_gmt":"2026-02-24T10:14:19","guid":{"rendered":"https:\/\/imprimeideas.es\/?post_type=product&p=37625"},"modified":"2026-02-26T18:13:54","modified_gmt":"2026-02-26T17:13:54","slug":"set-bastones-brulen","status":"publish","type":"product","link":"https:\/\/imprimeideas.es\/en\/product\/set-bastones-brulen\/","title":{"rendered":"Set Bastones Brulen"},"content":{"rendered":"<p>Set de bastones deportivos plegables en resistente aluminio, con mecanismo de amortiguaci\u00f3n y accesorio en suave espuma para descansar las manos. Con c\u00f3moda asa ergon\u00f3mica, cinta de seguridad ajustable y accesorio para nieve. Superficie de contacto con el suelo reforzada. Presentado en bolsa de transporte con cinta para hombro. Bastones disponibles en 3 colores.<\/p>","protected":false},"excerpt":{"rendered":"<p>2 Piezas. Plegable. Altura Regulable. Antishock. Accesorio para Nieve. Funda Poli\u00e9ster<\/p>","protected":false},"featured_media":81242,"comment_status":"open","ping_status":"open","template":"","meta":{"inline_featured_image":false},"product_brand":[],"product_cat":[101,102],"product_tag":[],"class_list":{"0":"post-37625","1":"product","2":"type-product","3":"status-publish","4":"has-post-thumbnail","6":"product_cat-deporte-y-aventura","7":"product_cat-ocio-y-tiempo-libre","9":"first","10":"instock","11":"taxable","12":"shipping-taxable","13":"purchasable","14":"product-type-variable","15":"has-default-attributes"},"aioseo_notices":[],"_links":{"self":[{"href":"https:\/\/imprimeideas.es\/en\/wp-json\/wp\/v2\/product\/37625","targetHints":{"allow":["GET"]}}],"collection":[{"href":"https:\/\/imprimeideas.es\/en\/wp-json\/wp\/v2\/product"}],"about":[{"href":"https:\/\/imprimeideas.es\/en\/wp-json\/wp\/v2\/types\/product"}],"replies":[{"embeddable":true,"href":"https:\/\/imprimeideas.es\/en\/wp-json\/wp\/v2\/comments?post=37625"}],"version-history":[{"count":1,"href":"https:\/\/imprimeideas.es\/en\/wp-json\/wp\/v2\/product\/37625\/revisions"}],"predecessor-version":[{"id":60336,"href":"https:\/\/imprimeideas.es\/en\/wp-json\/wp\/v2\/product\/37625\/revisions\/60336"}],"wp:featuredmedia":[{"embeddable":true,"href":"https:\/\/imprimeideas.es\/en\/wp-json\/wp\/v2\/media\/81242"}],"wp:attachment":[{"href":"https:\/\/imprimeideas.es\/en\/wp-json\/wp\/v2\/media?parent=37625"}],"wp:term":[{"taxonomy":"product_brand","embeddable":true,"href":"https:\/\/imprimeideas.es\/en\/wp-json\/wp\/v2\/product_brand?post=37625"},{"taxonomy":"product_cat","embeddable":true,"href":"https:\/\/imprimeideas.es\/en\/wp-json\/wp\/v2\/product_cat?post=37625"},{"taxonomy":"product_tag","embeddable":true,"href":"https:\/\/imprimeideas.es\/en\/wp-json\/wp\/v2\/product_tag?post=37625"}],"curies":[{"name":"wp","href":"https:\/\/api.w.org\/{rel}","templated":true}]}}