{"id":37611,"date":"2026-02-24T11:14:18","date_gmt":"2026-02-24T10:14:18","guid":{"rendered":"https:\/\/imprimeideas.es\/?post_type=product&p=37611"},"modified":"2026-02-26T18:37:29","modified_gmt":"2026-02-26T17:37:29","slug":"portacreditaciones-bosur","status":"publish","type":"product","link":"https:\/\/imprimeideas.es\/en\/product\/portacreditaciones-bosur\/","title":{"rendered":"Portacreditaciones Bosur"},"content":{"rendered":"<p>Porta objetos extensible de sobrio dise\u00f1o, con cinta de fijaci\u00f3n de cierre de bot\u00f3n y mecanismo extensible de hasta 65 cm. Incluye mosquet\u00f3n met\u00e1lico de enganche. Especialmente dise\u00f1ado para fijar objetos de uso cotidiano y obtener f\u00e1cil acceso a los mismos (llaveros anticontacto, punteros de seguridad&#8230;). Amplia superficie de marcaje en la pieza central.<\/p>","protected":false},"excerpt":{"rendered":"<p>Extensible. Clip Incluido<\/p>","protected":false},"featured_media":86171,"comment_status":"open","ping_status":"open","template":"","meta":{"inline_featured_image":false},"product_brand":[],"product_cat":[113,106],"product_tag":[],"class_list":{"0":"post-37611","1":"product","2":"type-product","3":"status-publish","4":"has-post-thumbnail","6":"product_cat-eventos-y-fiesta","7":"product_cat-regalos-y-premiums","9":"first","10":"instock","11":"taxable","12":"shipping-taxable","13":"purchasable","14":"product-type-variable","15":"has-default-attributes"},"aioseo_notices":[],"_links":{"self":[{"href":"https:\/\/imprimeideas.es\/en\/wp-json\/wp\/v2\/product\/37611","targetHints":{"allow":["GET"]}}],"collection":[{"href":"https:\/\/imprimeideas.es\/en\/wp-json\/wp\/v2\/product"}],"about":[{"href":"https:\/\/imprimeideas.es\/en\/wp-json\/wp\/v2\/types\/product"}],"replies":[{"embeddable":true,"href":"https:\/\/imprimeideas.es\/en\/wp-json\/wp\/v2\/comments?post=37611"}],"version-history":[{"count":1,"href":"https:\/\/imprimeideas.es\/en\/wp-json\/wp\/v2\/product\/37611\/revisions"}],"predecessor-version":[{"id":60333,"href":"https:\/\/imprimeideas.es\/en\/wp-json\/wp\/v2\/product\/37611\/revisions\/60333"}],"wp:featuredmedia":[{"embeddable":true,"href":"https:\/\/imprimeideas.es\/en\/wp-json\/wp\/v2\/media\/86171"}],"wp:attachment":[{"href":"https:\/\/imprimeideas.es\/en\/wp-json\/wp\/v2\/media?parent=37611"}],"wp:term":[{"taxonomy":"product_brand","embeddable":true,"href":"https:\/\/imprimeideas.es\/en\/wp-json\/wp\/v2\/product_brand?post=37611"},{"taxonomy":"product_cat","embeddable":true,"href":"https:\/\/imprimeideas.es\/en\/wp-json\/wp\/v2\/product_cat?post=37611"},{"taxonomy":"product_tag","embeddable":true,"href":"https:\/\/imprimeideas.es\/en\/wp-json\/wp\/v2\/product_tag?post=37611"}],"curies":[{"name":"wp","href":"https:\/\/api.w.org\/{rel}","templated":true}]}}