{"id":37592,"date":"2026-02-24T11:14:16","date_gmt":"2026-02-24T10:14:16","guid":{"rendered":"https:\/\/imprimeideas.es\/?post_type=product&p=37592"},"modified":"2026-02-26T18:23:22","modified_gmt":"2026-02-26T17:23:22","slug":"soporte-lietor","status":"publish","type":"product","link":"https:\/\/imprimeideas.es\/en\/product\/soporte-lietor\/","title":{"rendered":"Soporte Lietor"},"content":{"rendered":"<p>Ingenioso soporte para smartphone de dise\u00f1o minimalista y especialmente dise\u00f1ado para smartphones tama\u00f1o XXL. Con sistema de fijaci\u00f3n universal que se activa por el propio peso del tel\u00e9fono, ajustando las pinzas de agarre una vez que se sit\u00faa el dispositivo en el soporte. Para rejilla de ventilaci\u00f3n del autom\u00f3vil y con frontal especialmente dise\u00f1ado para marcaje en tampograf\u00eda.<\/p>","protected":false},"excerpt":{"rendered":"<p>Ajustable<\/p>","protected":false},"featured_media":69481,"comment_status":"open","ping_status":"open","template":"","meta":{"inline_featured_image":false},"product_brand":[],"product_cat":[110,95],"product_tag":[],"class_list":{"0":"post-37592","1":"product","2":"type-product","3":"status-publish","4":"has-post-thumbnail","6":"product_cat-herramientas-brico-y-automovil","7":"product_cat-tecnologia-y-accesorios","9":"first","10":"instock","11":"taxable","12":"shipping-taxable","13":"purchasable","14":"product-type-variable","15":"has-default-attributes"},"aioseo_notices":[],"_links":{"self":[{"href":"https:\/\/imprimeideas.es\/en\/wp-json\/wp\/v2\/product\/37592","targetHints":{"allow":["GET"]}}],"collection":[{"href":"https:\/\/imprimeideas.es\/en\/wp-json\/wp\/v2\/product"}],"about":[{"href":"https:\/\/imprimeideas.es\/en\/wp-json\/wp\/v2\/types\/product"}],"replies":[{"embeddable":true,"href":"https:\/\/imprimeideas.es\/en\/wp-json\/wp\/v2\/comments?post=37592"}],"version-history":[{"count":1,"href":"https:\/\/imprimeideas.es\/en\/wp-json\/wp\/v2\/product\/37592\/revisions"}],"predecessor-version":[{"id":60328,"href":"https:\/\/imprimeideas.es\/en\/wp-json\/wp\/v2\/product\/37592\/revisions\/60328"}],"wp:featuredmedia":[{"embeddable":true,"href":"https:\/\/imprimeideas.es\/en\/wp-json\/wp\/v2\/media\/69481"}],"wp:attachment":[{"href":"https:\/\/imprimeideas.es\/en\/wp-json\/wp\/v2\/media?parent=37592"}],"wp:term":[{"taxonomy":"product_brand","embeddable":true,"href":"https:\/\/imprimeideas.es\/en\/wp-json\/wp\/v2\/product_brand?post=37592"},{"taxonomy":"product_cat","embeddable":true,"href":"https:\/\/imprimeideas.es\/en\/wp-json\/wp\/v2\/product_cat?post=37592"},{"taxonomy":"product_tag","embeddable":true,"href":"https:\/\/imprimeideas.es\/en\/wp-json\/wp\/v2\/product_tag?post=37592"}],"curies":[{"name":"wp","href":"https:\/\/api.w.org\/{rel}","templated":true}]}}