{"id":37589,"date":"2026-02-24T11:14:16","date_gmt":"2026-02-24T10:14:16","guid":{"rendered":"https:\/\/imprimeideas.es\/?post_type=product&p=37589"},"modified":"2026-02-26T18:03:05","modified_gmt":"2026-02-26T17:03:05","slug":"set-morkel","status":"publish","type":"product","link":"https:\/\/imprimeideas.es\/en\/product\/set-morkel\/","title":{"rendered":"Set Morkel"},"content":{"rendered":"<p>Set de l\u00ednea nature. Incluye taza de 180 ml fabricada en cristal de borosilicato, que ofrece una resistencia y durabilidad excepcionales, alargando su vida \u00fatil y pudiendo ser reutilizada infinidad de veces. Base y cuchara en bamb\u00fa pulido, presentados en atractiva caja de dise\u00f1o.<\/p>","protected":false},"excerpt":{"rendered":"<p>180 ml. 3 Piezas<\/p>","protected":false},"featured_media":68578,"comment_status":"open","ping_status":"open","template":"","meta":{"inline_featured_image":false},"product_brand":[],"product_cat":[122,104,97],"product_tag":[],"class_list":{"0":"post-37589","1":"product","2":"type-product","3":"status-publish","4":"has-post-thumbnail","6":"product_cat-articulos-sostenibles","7":"product_cat-hogar-y-decoracion","8":"product_cat-tazas-jarras-y-termos","10":"first","11":"outofstock","12":"taxable","13":"shipping-taxable","14":"purchasable","15":"product-type-variable","16":"has-default-attributes"},"aioseo_notices":[],"_links":{"self":[{"href":"https:\/\/imprimeideas.es\/en\/wp-json\/wp\/v2\/product\/37589","targetHints":{"allow":["GET"]}}],"collection":[{"href":"https:\/\/imprimeideas.es\/en\/wp-json\/wp\/v2\/product"}],"about":[{"href":"https:\/\/imprimeideas.es\/en\/wp-json\/wp\/v2\/types\/product"}],"replies":[{"embeddable":true,"href":"https:\/\/imprimeideas.es\/en\/wp-json\/wp\/v2\/comments?post=37589"}],"version-history":[{"count":1,"href":"https:\/\/imprimeideas.es\/en\/wp-json\/wp\/v2\/product\/37589\/revisions"}],"predecessor-version":[{"id":60327,"href":"https:\/\/imprimeideas.es\/en\/wp-json\/wp\/v2\/product\/37589\/revisions\/60327"}],"wp:featuredmedia":[{"embeddable":true,"href":"https:\/\/imprimeideas.es\/en\/wp-json\/wp\/v2\/media\/68578"}],"wp:attachment":[{"href":"https:\/\/imprimeideas.es\/en\/wp-json\/wp\/v2\/media?parent=37589"}],"wp:term":[{"taxonomy":"product_brand","embeddable":true,"href":"https:\/\/imprimeideas.es\/en\/wp-json\/wp\/v2\/product_brand?post=37589"},{"taxonomy":"product_cat","embeddable":true,"href":"https:\/\/imprimeideas.es\/en\/wp-json\/wp\/v2\/product_cat?post=37589"},{"taxonomy":"product_tag","embeddable":true,"href":"https:\/\/imprimeideas.es\/en\/wp-json\/wp\/v2\/product_tag?post=37589"}],"curies":[{"name":"wp","href":"https:\/\/api.w.org\/{rel}","templated":true}]}}