{"id":37546,"date":"2026-02-24T11:14:12","date_gmt":"2026-02-24T10:14:12","guid":{"rendered":"https:\/\/imprimeideas.es\/?post_type=product&p=37546"},"modified":"2026-02-26T18:19:09","modified_gmt":"2026-02-26T17:19:09","slug":"chaqueta-cornal","status":"publish","type":"product","link":"https:\/\/imprimeideas.es\/en\/product\/chaqueta-cornal\/","title":{"rendered":"Chaqueta Cornal"},"content":{"rendered":"<p>Chaqueta impermeable y transpirable en combinaci\u00f3n de materiales soft shell y poli\u00e9ster. De elegante construcci\u00f3n en color negro, con cierre de cremallera y bolsillos laterales de cremallera con tiradores para f\u00e1cil apertura. Pu\u00f1os ajustables y disponible en tallas S, M, L, XL, XXL.<\/p>","protected":false},"excerpt":{"rendered":"<p>Resistente al Viento y al Agua<\/p>","protected":false},"featured_media":75097,"comment_status":"open","ping_status":"open","template":"","meta":{"inline_featured_image":false},"product_brand":[],"product_cat":[116],"product_tag":[],"class_list":{"0":"post-37546","1":"product","2":"type-product","3":"status-publish","4":"has-post-thumbnail","6":"product_cat-textil","8":"first","9":"instock","10":"taxable","11":"shipping-taxable","12":"purchasable","13":"product-type-variable","14":"has-default-attributes"},"aioseo_notices":[],"_links":{"self":[{"href":"https:\/\/imprimeideas.es\/en\/wp-json\/wp\/v2\/product\/37546","targetHints":{"allow":["GET"]}}],"collection":[{"href":"https:\/\/imprimeideas.es\/en\/wp-json\/wp\/v2\/product"}],"about":[{"href":"https:\/\/imprimeideas.es\/en\/wp-json\/wp\/v2\/types\/product"}],"replies":[{"embeddable":true,"href":"https:\/\/imprimeideas.es\/en\/wp-json\/wp\/v2\/comments?post=37546"}],"version-history":[{"count":1,"href":"https:\/\/imprimeideas.es\/en\/wp-json\/wp\/v2\/product\/37546\/revisions"}],"predecessor-version":[{"id":60315,"href":"https:\/\/imprimeideas.es\/en\/wp-json\/wp\/v2\/product\/37546\/revisions\/60315"}],"wp:featuredmedia":[{"embeddable":true,"href":"https:\/\/imprimeideas.es\/en\/wp-json\/wp\/v2\/media\/75097"}],"wp:attachment":[{"href":"https:\/\/imprimeideas.es\/en\/wp-json\/wp\/v2\/media?parent=37546"}],"wp:term":[{"taxonomy":"product_brand","embeddable":true,"href":"https:\/\/imprimeideas.es\/en\/wp-json\/wp\/v2\/product_brand?post=37546"},{"taxonomy":"product_cat","embeddable":true,"href":"https:\/\/imprimeideas.es\/en\/wp-json\/wp\/v2\/product_cat?post=37546"},{"taxonomy":"product_tag","embeddable":true,"href":"https:\/\/imprimeideas.es\/en\/wp-json\/wp\/v2\/product_tag?post=37546"}],"curies":[{"name":"wp","href":"https:\/\/api.w.org\/{rel}","templated":true}]}}