{"id":37464,"date":"2026-02-24T11:14:05","date_gmt":"2026-02-24T10:14:05","guid":{"rendered":"https:\/\/imprimeideas.es\/?post_type=product&p=37464"},"modified":"2026-02-26T18:23:14","modified_gmt":"2026-02-26T17:23:14","slug":"banderin-portel","status":"publish","type":"product","link":"https:\/\/imprimeideas.es\/en\/product\/banderin-portel\/","title":{"rendered":"Bander\u00edn Portel"},"content":{"rendered":"<p>Bander\u00edn de poli\u00e9ster de dise\u00f1o XL -tela de 80&#215;30 cm- en extensa gama de vivos colores. Con asta en color blanco<\/p>","protected":false},"excerpt":{"rendered":"<p>Bander\u00edn de poli\u00e9ster de dise\u00f1o XL -tela de 80&#215;30 cm- en extensa gama de vivos colores. Con asta en color<\/p>","protected":false},"featured_media":74794,"comment_status":"open","ping_status":"open","template":"","meta":{"inline_featured_image":false},"product_brand":[],"product_cat":[113,128],"product_tag":[],"class_list":{"0":"post-37464","1":"product","2":"type-product","3":"status-publish","4":"has-post-thumbnail","6":"product_cat-eventos-y-fiesta","7":"product_cat-outlet","9":"first","10":"instock","11":"taxable","12":"shipping-taxable","13":"purchasable","14":"product-type-variable","15":"has-default-attributes"},"aioseo_notices":[],"_links":{"self":[{"href":"https:\/\/imprimeideas.es\/en\/wp-json\/wp\/v2\/product\/37464","targetHints":{"allow":["GET"]}}],"collection":[{"href":"https:\/\/imprimeideas.es\/en\/wp-json\/wp\/v2\/product"}],"about":[{"href":"https:\/\/imprimeideas.es\/en\/wp-json\/wp\/v2\/types\/product"}],"replies":[{"embeddable":true,"href":"https:\/\/imprimeideas.es\/en\/wp-json\/wp\/v2\/comments?post=37464"}],"version-history":[{"count":1,"href":"https:\/\/imprimeideas.es\/en\/wp-json\/wp\/v2\/product\/37464\/revisions"}],"predecessor-version":[{"id":60306,"href":"https:\/\/imprimeideas.es\/en\/wp-json\/wp\/v2\/product\/37464\/revisions\/60306"}],"wp:featuredmedia":[{"embeddable":true,"href":"https:\/\/imprimeideas.es\/en\/wp-json\/wp\/v2\/media\/74794"}],"wp:attachment":[{"href":"https:\/\/imprimeideas.es\/en\/wp-json\/wp\/v2\/media?parent=37464"}],"wp:term":[{"taxonomy":"product_brand","embeddable":true,"href":"https:\/\/imprimeideas.es\/en\/wp-json\/wp\/v2\/product_brand?post=37464"},{"taxonomy":"product_cat","embeddable":true,"href":"https:\/\/imprimeideas.es\/en\/wp-json\/wp\/v2\/product_cat?post=37464"},{"taxonomy":"product_tag","embeddable":true,"href":"https:\/\/imprimeideas.es\/en\/wp-json\/wp\/v2\/product_tag?post=37464"}],"curies":[{"name":"wp","href":"https:\/\/api.w.org\/{rel}","templated":true}]}}