{"id":37444,"date":"2026-02-24T11:14:03","date_gmt":"2026-02-24T10:14:03","guid":{"rendered":"https:\/\/imprimeideas.es\/?post_type=product&p=37444"},"modified":"2026-02-26T18:13:54","modified_gmt":"2026-02-26T17:13:54","slug":"bolsa-moltux","status":"publish","type":"product","link":"https:\/\/imprimeideas.es\/en\/product\/bolsa-moltux\/","title":{"rendered":"Bolsa Moltux"},"content":{"rendered":"<p>Bolsa de l\u00ednea nature, fabricada en resistente material PLA -\u00c1cido PoliL\u00e1ctico-, que se obtiene a partir de recursos 100% naturales como el almid\u00f3n de ma\u00edz, la yuca o la ca\u00f1a de az\u00facar, pudiendo convertirse en 100% compostable al final de su ciclo de vida \u00fatil. Tama\u00f1o 36&#215;40 cm, de acabado termo sellado y con asas largas reforzadas de 68 cm. Resistencia de hasta 6 kg de peso.<\/p>","protected":false},"excerpt":{"rendered":"<p>Bolsa de l\u00ednea nature, fabricada en resistente material PLA -\u00c1cido PoliL\u00e1ctico-, que se obtiene a partir de recursos 100% naturales<\/p>","protected":false},"featured_media":63952,"comment_status":"open","ping_status":"open","template":"","meta":{"inline_featured_image":false},"product_brand":[],"product_cat":[122,99],"product_tag":[],"class_list":{"0":"post-37444","1":"product","2":"type-product","3":"status-publish","4":"has-post-thumbnail","6":"product_cat-articulos-sostenibles","7":"product_cat-bolsas","9":"first","10":"instock","11":"taxable","12":"shipping-taxable","13":"purchasable","14":"product-type-variable","15":"has-default-attributes"},"aioseo_notices":[],"_links":{"self":[{"href":"https:\/\/imprimeideas.es\/en\/wp-json\/wp\/v2\/product\/37444","targetHints":{"allow":["GET"]}}],"collection":[{"href":"https:\/\/imprimeideas.es\/en\/wp-json\/wp\/v2\/product"}],"about":[{"href":"https:\/\/imprimeideas.es\/en\/wp-json\/wp\/v2\/types\/product"}],"replies":[{"embeddable":true,"href":"https:\/\/imprimeideas.es\/en\/wp-json\/wp\/v2\/comments?post=37444"}],"version-history":[{"count":1,"href":"https:\/\/imprimeideas.es\/en\/wp-json\/wp\/v2\/product\/37444\/revisions"}],"predecessor-version":[{"id":60300,"href":"https:\/\/imprimeideas.es\/en\/wp-json\/wp\/v2\/product\/37444\/revisions\/60300"}],"wp:featuredmedia":[{"embeddable":true,"href":"https:\/\/imprimeideas.es\/en\/wp-json\/wp\/v2\/media\/63952"}],"wp:attachment":[{"href":"https:\/\/imprimeideas.es\/en\/wp-json\/wp\/v2\/media?parent=37444"}],"wp:term":[{"taxonomy":"product_brand","embeddable":true,"href":"https:\/\/imprimeideas.es\/en\/wp-json\/wp\/v2\/product_brand?post=37444"},{"taxonomy":"product_cat","embeddable":true,"href":"https:\/\/imprimeideas.es\/en\/wp-json\/wp\/v2\/product_cat?post=37444"},{"taxonomy":"product_tag","embeddable":true,"href":"https:\/\/imprimeideas.es\/en\/wp-json\/wp\/v2\/product_tag?post=37444"}],"curies":[{"name":"wp","href":"https:\/\/api.w.org\/{rel}","templated":true}]}}