{"id":37419,"date":"2026-02-24T11:13:43","date_gmt":"2026-02-24T10:13:43","guid":{"rendered":"https:\/\/imprimeideas.es\/?post_type=product&p=37419"},"modified":"2026-02-26T18:19:38","modified_gmt":"2026-02-26T17:19:38","slug":"neceser-sublimacion-kreston","status":"publish","type":"product","link":"https:\/\/imprimeideas.es\/en\/product\/neceser-sublimacion-kreston\/","title":{"rendered":"Neceser Sublimaci\u00f3n Kreston"},"content":{"rendered":"<p>Neceser de inspiraci\u00f3n nature, en resistente poli\u00e9ster de suave tacto, especialmente elaborado para impresi\u00f3n en sublimaci\u00f3n. Con cierre de cremallera y cinta en tirador para c\u00f3moda apertura.<\/p>","protected":false},"excerpt":{"rendered":"<p>Neceser de inspiraci\u00f3n nature, en resistente poli\u00e9ster de suave tacto, especialmente elaborado para impresi\u00f3n en sublimaci\u00f3n. Con cierre de cremallera<\/p>","protected":false},"featured_media":84256,"comment_status":"open","ping_status":"open","template":"","meta":{"inline_featured_image":false},"product_brand":[],"product_cat":[107,119,115],"product_tag":[],"class_list":{"0":"post-37419","1":"product","2":"type-product","3":"status-publish","4":"has-post-thumbnail","6":"product_cat-cuidado-personal-y-pharma","7":"product_cat-mujer","8":"product_cat-sublimacion","10":"first","11":"instock","12":"taxable","13":"shipping-taxable","14":"purchasable","15":"product-type-variable","16":"has-default-attributes"},"aioseo_notices":[],"_links":{"self":[{"href":"https:\/\/imprimeideas.es\/en\/wp-json\/wp\/v2\/product\/37419","targetHints":{"allow":["GET"]}}],"collection":[{"href":"https:\/\/imprimeideas.es\/en\/wp-json\/wp\/v2\/product"}],"about":[{"href":"https:\/\/imprimeideas.es\/en\/wp-json\/wp\/v2\/types\/product"}],"replies":[{"embeddable":true,"href":"https:\/\/imprimeideas.es\/en\/wp-json\/wp\/v2\/comments?post=37419"}],"version-history":[{"count":1,"href":"https:\/\/imprimeideas.es\/en\/wp-json\/wp\/v2\/product\/37419\/revisions"}],"predecessor-version":[{"id":60295,"href":"https:\/\/imprimeideas.es\/en\/wp-json\/wp\/v2\/product\/37419\/revisions\/60295"}],"wp:featuredmedia":[{"embeddable":true,"href":"https:\/\/imprimeideas.es\/en\/wp-json\/wp\/v2\/media\/84256"}],"wp:attachment":[{"href":"https:\/\/imprimeideas.es\/en\/wp-json\/wp\/v2\/media?parent=37419"}],"wp:term":[{"taxonomy":"product_brand","embeddable":true,"href":"https:\/\/imprimeideas.es\/en\/wp-json\/wp\/v2\/product_brand?post=37419"},{"taxonomy":"product_cat","embeddable":true,"href":"https:\/\/imprimeideas.es\/en\/wp-json\/wp\/v2\/product_cat?post=37419"},{"taxonomy":"product_tag","embeddable":true,"href":"https:\/\/imprimeideas.es\/en\/wp-json\/wp\/v2\/product_tag?post=37419"}],"curies":[{"name":"wp","href":"https:\/\/api.w.org\/{rel}","templated":true}]}}