{"id":37414,"date":"2026-02-24T11:13:43","date_gmt":"2026-02-24T10:13:43","guid":{"rendered":"https:\/\/imprimeideas.es\/?post_type=product&p=37414"},"modified":"2026-02-26T18:19:25","modified_gmt":"2026-02-26T17:19:25","slug":"bolsa-sublimacion-prosum","status":"publish","type":"product","link":"https:\/\/imprimeideas.es\/en\/product\/bolsa-sublimacion-prosum\/","title":{"rendered":"Bolsa Sublimaci\u00f3n Prosum"},"content":{"rendered":"<p>Bolsa de inspiraci\u00f3n nature, en resistente poli\u00e9ster de suave tacto, especialmente elaborado para impresi\u00f3n en sublimaci\u00f3n. Con asas largas de 70 cm reforzadas, con acabado cosido y resistencia de hasta 8 kg de peso.<\/p>","protected":false},"excerpt":{"rendered":"<p>Bolsa de inspiraci\u00f3n nature, en resistente poli\u00e9ster de suave tacto, especialmente elaborado para impresi\u00f3n en sublimaci\u00f3n. Con asas largas de<\/p>","protected":false},"featured_media":78805,"comment_status":"open","ping_status":"open","template":"","meta":{"inline_featured_image":false},"product_brand":[],"product_cat":[99,115],"product_tag":[],"class_list":{"0":"post-37414","1":"product","2":"type-product","3":"status-publish","4":"has-post-thumbnail","6":"product_cat-bolsas","7":"product_cat-sublimacion","9":"first","10":"instock","11":"taxable","12":"shipping-taxable","13":"purchasable","14":"product-type-variable","15":"has-default-attributes"},"aioseo_notices":[],"_links":{"self":[{"href":"https:\/\/imprimeideas.es\/en\/wp-json\/wp\/v2\/product\/37414","targetHints":{"allow":["GET"]}}],"collection":[{"href":"https:\/\/imprimeideas.es\/en\/wp-json\/wp\/v2\/product"}],"about":[{"href":"https:\/\/imprimeideas.es\/en\/wp-json\/wp\/v2\/types\/product"}],"replies":[{"embeddable":true,"href":"https:\/\/imprimeideas.es\/en\/wp-json\/wp\/v2\/comments?post=37414"}],"version-history":[{"count":1,"href":"https:\/\/imprimeideas.es\/en\/wp-json\/wp\/v2\/product\/37414\/revisions"}],"predecessor-version":[{"id":60293,"href":"https:\/\/imprimeideas.es\/en\/wp-json\/wp\/v2\/product\/37414\/revisions\/60293"}],"wp:featuredmedia":[{"embeddable":true,"href":"https:\/\/imprimeideas.es\/en\/wp-json\/wp\/v2\/media\/78805"}],"wp:attachment":[{"href":"https:\/\/imprimeideas.es\/en\/wp-json\/wp\/v2\/media?parent=37414"}],"wp:term":[{"taxonomy":"product_brand","embeddable":true,"href":"https:\/\/imprimeideas.es\/en\/wp-json\/wp\/v2\/product_brand?post=37414"},{"taxonomy":"product_cat","embeddable":true,"href":"https:\/\/imprimeideas.es\/en\/wp-json\/wp\/v2\/product_cat?post=37414"},{"taxonomy":"product_tag","embeddable":true,"href":"https:\/\/imprimeideas.es\/en\/wp-json\/wp\/v2\/product_tag?post=37414"}],"curies":[{"name":"wp","href":"https:\/\/api.w.org\/{rel}","templated":true}]}}